{"id":2944,"date":"2025-11-13T09:36:48","date_gmt":"2025-11-13T09:36:48","guid":{"rendered":"https:\/\/sombrerosgorostiaga.com\/?post_type=product&#038;p=2944"},"modified":"2026-03-03T16:17:49","modified_gmt":"2026-03-03T16:17:49","slug":"dame-terracota-91","status":"publish","type":"product","link":"https:\/\/sombrerosgorostiaga.com\/eu\/produktua\/dame-terracota-91\/","title":{"rendered":"Dame Terracota 91"},"content":{"rendered":"<p>Boina 100% lana merino de calidad fina para se\u00f1ora.<\/p>\n<p>Suave y vers\u00e1til.<\/p>\n<p>En la \u00a0<a href=\"https:\/\/sombrerosgorostiaga.com\/eu\/ayuda\/#carta-de-colores\" target=\"_blank\" rel=\"noopener\">Koloretako karta<\/a>\u00a0\u00a0encontrar\u00e1s tambi\u00e9n\u00a0<a href=\"https:\/\/sombrerosgorostiaga.com\/eu\/ayuda\/#videos-de-ayuda\">diferentes estilos de\u00a0pon\u00e9rtela.<\/a><\/p>\n<script>function getWR360PopupSkin(){return 'light_clean';}<\/script>","protected":false},"excerpt":{"rendered":"<h4 style=\"text-align: center;\"><strong>Para elegir tu color preferido puedes ir a la \u00a0<span style=\"color: #3366ff;\"><a style=\"color: #3366ff;\" href=\"https:\/\/sombrerosgorostiaga.com\/eu\/ayuda\/#carta-de-colores\" target=\"_blank\" rel=\"noopener\">Koloretako karta<\/a>\u00a0<\/span><\/strong><\/h4>\n<h4 style=\"text-align: center;\"><span style=\"color: #ff0000;\"><strong>\u00a1Hay 51 diferentes!<\/strong><\/span><\/h4>","protected":false},"featured_media":2945,"template":"","meta":[],"product_brand":[],"product_cat":[25],"product_tag":[],"class_list":{"0":"post-2944","1":"product","2":"type-product","3":"status-publish","4":"has-post-thumbnail","6":"product_cat-boinas-de-senora","8":"first","9":"instock","10":"taxable","11":"shipping-taxable","12":"purchasable","13":"product-type-simple"},"yoast_head":"<!-- This site is optimized with the Yoast SEO plugin v27.3 - https:\/\/yoast.com\/product\/yoast-seo-wordpress\/ -->\n<title>Dame Terracota 91 - Sombreros Gorostiaga<\/title>\n<meta name=\"robots\" content=\"index, follow, max-snippet:-1, max-image-preview:large, max-video-preview:-1\" \/>\n<link rel=\"canonical\" href=\"https:\/\/sombrerosgorostiaga.com\/eu\/produktua\/dame-terracota-91\/\" \/>\n<meta property=\"og:locale\" content=\"en_US\" \/>\n<meta property=\"og:type\" content=\"article\" \/>\n<meta property=\"og:title\" content=\"Dame Terracota 91 - Sombreros Gorostiaga\" \/>\n<meta property=\"og:description\" content=\"Para elegir tu color preferido puedes ir a la \u00a0Carta de colores\u00a0 \u00a1Hay 51 diferentes!\" \/>\n<meta property=\"og:url\" content=\"https:\/\/sombrerosgorostiaga.com\/eu\/produktua\/dame-terracota-91\/\" \/>\n<meta property=\"og:site_name\" content=\"Sombreros Gorostiaga\" \/>\n<meta property=\"article:modified_time\" content=\"2026-03-03T16:17:49+00:00\" \/>\n<meta property=\"og:image\" content=\"https:\/\/sombrerosgorostiaga.com\/wp-content\/uploads\/2025\/11\/terracota_dame_mini.jpg\" \/>\n\t<meta property=\"og:image:width\" content=\"300\" \/>\n\t<meta property=\"og:image:height\" content=\"300\" \/>\n\t<meta property=\"og:image:type\" content=\"image\/jpeg\" \/>\n<meta name=\"twitter:card\" content=\"summary_large_image\" \/>\n<meta name=\"twitter:label1\" content=\"Est. reading time\" \/>\n\t<meta name=\"twitter:data1\" content=\"1 minutua\" \/>\n<script type=\"application\/ld+json\" class=\"yoast-schema-graph\">{\"@context\":\"https:\\\/\\\/schema.org\",\"@graph\":[{\"@type\":\"WebPage\",\"@id\":\"https:\\\/\\\/sombrerosgorostiaga.com\\\/producto\\\/dame-terracota-91\\\/\",\"url\":\"https:\\\/\\\/sombrerosgorostiaga.com\\\/producto\\\/dame-terracota-91\\\/\",\"name\":\"Dame Terracota 91 - Sombreros Gorostiaga\",\"isPartOf\":{\"@id\":\"https:\\\/\\\/sombrerosgorostiaga.com\\\/#website\"},\"primaryImageOfPage\":{\"@id\":\"https:\\\/\\\/sombrerosgorostiaga.com\\\/producto\\\/dame-terracota-91\\\/#primaryimage\"},\"image\":{\"@id\":\"https:\\\/\\\/sombrerosgorostiaga.com\\\/producto\\\/dame-terracota-91\\\/#primaryimage\"},\"thumbnailUrl\":\"https:\\\/\\\/sombrerosgorostiaga.com\\\/wp-content\\\/uploads\\\/2025\\\/11\\\/terracota_dame_mini.jpg\",\"datePublished\":\"2025-11-13T09:36:48+00:00\",\"dateModified\":\"2026-03-03T16:17:49+00:00\",\"breadcrumb\":{\"@id\":\"https:\\\/\\\/sombrerosgorostiaga.com\\\/producto\\\/dame-terracota-91\\\/#breadcrumb\"},\"inLanguage\":\"eu\",\"potentialAction\":[{\"@type\":\"ReadAction\",\"target\":[\"https:\\\/\\\/sombrerosgorostiaga.com\\\/producto\\\/dame-terracota-91\\\/\"]}]},{\"@type\":\"ImageObject\",\"inLanguage\":\"eu\",\"@id\":\"https:\\\/\\\/sombrerosgorostiaga.com\\\/producto\\\/dame-terracota-91\\\/#primaryimage\",\"url\":\"https:\\\/\\\/sombrerosgorostiaga.com\\\/wp-content\\\/uploads\\\/2025\\\/11\\\/terracota_dame_mini.jpg\",\"contentUrl\":\"https:\\\/\\\/sombrerosgorostiaga.com\\\/wp-content\\\/uploads\\\/2025\\\/11\\\/terracota_dame_mini.jpg\",\"width\":300,\"height\":300},{\"@type\":\"BreadcrumbList\",\"@id\":\"https:\\\/\\\/sombrerosgorostiaga.com\\\/producto\\\/dame-terracota-91\\\/#breadcrumb\",\"itemListElement\":[{\"@type\":\"ListItem\",\"position\":1,\"name\":\"Portada\",\"item\":\"https:\\\/\\\/sombrerosgorostiaga.com\\\/\"},{\"@type\":\"ListItem\",\"position\":2,\"name\":\"Tienda\",\"item\":\"https:\\\/\\\/sombrerosgorostiaga.com\\\/tienda\\\/\"},{\"@type\":\"ListItem\",\"position\":3,\"name\":\"Dame Terracota 91\"}]},{\"@type\":\"WebSite\",\"@id\":\"https:\\\/\\\/sombrerosgorostiaga.com\\\/#website\",\"url\":\"https:\\\/\\\/sombrerosgorostiaga.com\\\/\",\"name\":\"Sombreros Gorostiaga\",\"description\":\"Sombrerer\u00eda cl\u00e1sica con taller de arreglos y atenci\u00f3n especializada\",\"publisher\":{\"@id\":\"https:\\\/\\\/sombrerosgorostiaga.com\\\/#organization\"},\"potentialAction\":[{\"@type\":\"SearchAction\",\"target\":{\"@type\":\"EntryPoint\",\"urlTemplate\":\"https:\\\/\\\/sombrerosgorostiaga.com\\\/?s={search_term_string}\"},\"query-input\":{\"@type\":\"PropertyValueSpecification\",\"valueRequired\":true,\"valueName\":\"search_term_string\"}}],\"inLanguage\":\"eu\"},{\"@type\":\"Organization\",\"@id\":\"https:\\\/\\\/sombrerosgorostiaga.com\\\/#organization\",\"name\":\"Sombreros Gorostiaga\",\"url\":\"https:\\\/\\\/sombrerosgorostiaga.com\\\/\",\"logo\":{\"@type\":\"ImageObject\",\"inLanguage\":\"eu\",\"@id\":\"https:\\\/\\\/sombrerosgorostiaga.com\\\/#\\\/schema\\\/logo\\\/image\\\/\",\"url\":\"https:\\\/\\\/sombrerosgorostiaga.com\\\/wp-content\\\/uploads\\\/2025\\\/03\\\/cropped-Diseno_sin_titulo-removebg-preview.png\",\"contentUrl\":\"https:\\\/\\\/sombrerosgorostiaga.com\\\/wp-content\\\/uploads\\\/2025\\\/03\\\/cropped-Diseno_sin_titulo-removebg-preview.png\",\"width\":500,\"height\":400,\"caption\":\"Sombreros Gorostiaga\"},\"image\":{\"@id\":\"https:\\\/\\\/sombrerosgorostiaga.com\\\/#\\\/schema\\\/logo\\\/image\\\/\"}}]}<\/script>\n<!-- \/ Yoast SEO plugin. -->","yoast_head_json":{"title":"Dame Terracota 91 - Sombreros Gorostiaga","robots":{"index":"index","follow":"follow","max-snippet":"max-snippet:-1","max-image-preview":"max-image-preview:large","max-video-preview":"max-video-preview:-1"},"canonical":"https:\/\/sombrerosgorostiaga.com\/eu\/produktua\/dame-terracota-91\/","og_locale":"en_US","og_type":"article","og_title":"Dame Terracota 91 - Sombreros Gorostiaga","og_description":"Para elegir tu color preferido puedes ir a la \u00a0Carta de colores\u00a0 \u00a1Hay 51 diferentes!","og_url":"https:\/\/sombrerosgorostiaga.com\/eu\/produktua\/dame-terracota-91\/","og_site_name":"Sombreros Gorostiaga","article_modified_time":"2026-03-03T16:17:49+00:00","og_image":[{"width":300,"height":300,"url":"https:\/\/sombrerosgorostiaga.com\/wp-content\/uploads\/2025\/11\/terracota_dame_mini.jpg","type":"image\/jpeg"}],"twitter_card":"summary_large_image","twitter_misc":{"Est. reading time":"1 minutua"},"schema":{"@context":"https:\/\/schema.org","@graph":[{"@type":"WebPage","@id":"https:\/\/sombrerosgorostiaga.com\/producto\/dame-terracota-91\/","url":"https:\/\/sombrerosgorostiaga.com\/producto\/dame-terracota-91\/","name":"Dame Terracota 91 - Sombreros Gorostiaga","isPartOf":{"@id":"https:\/\/sombrerosgorostiaga.com\/#website"},"primaryImageOfPage":{"@id":"https:\/\/sombrerosgorostiaga.com\/producto\/dame-terracota-91\/#primaryimage"},"image":{"@id":"https:\/\/sombrerosgorostiaga.com\/producto\/dame-terracota-91\/#primaryimage"},"thumbnailUrl":"https:\/\/sombrerosgorostiaga.com\/wp-content\/uploads\/2025\/11\/terracota_dame_mini.jpg","datePublished":"2025-11-13T09:36:48+00:00","dateModified":"2026-03-03T16:17:49+00:00","breadcrumb":{"@id":"https:\/\/sombrerosgorostiaga.com\/producto\/dame-terracota-91\/#breadcrumb"},"inLanguage":"eu","potentialAction":[{"@type":"ReadAction","target":["https:\/\/sombrerosgorostiaga.com\/producto\/dame-terracota-91\/"]}]},{"@type":"ImageObject","inLanguage":"eu","@id":"https:\/\/sombrerosgorostiaga.com\/producto\/dame-terracota-91\/#primaryimage","url":"https:\/\/sombrerosgorostiaga.com\/wp-content\/uploads\/2025\/11\/terracota_dame_mini.jpg","contentUrl":"https:\/\/sombrerosgorostiaga.com\/wp-content\/uploads\/2025\/11\/terracota_dame_mini.jpg","width":300,"height":300},{"@type":"BreadcrumbList","@id":"https:\/\/sombrerosgorostiaga.com\/producto\/dame-terracota-91\/#breadcrumb","itemListElement":[{"@type":"ListItem","position":1,"name":"Portada","item":"https:\/\/sombrerosgorostiaga.com\/"},{"@type":"ListItem","position":2,"name":"Tienda","item":"https:\/\/sombrerosgorostiaga.com\/tienda\/"},{"@type":"ListItem","position":3,"name":"Dame Terracota 91"}]},{"@type":"WebSite","@id":"https:\/\/sombrerosgorostiaga.com\/#website","url":"https:\/\/sombrerosgorostiaga.com\/","name":"Sombreros Gorostiaga","description":"Sombrerer\u00eda cl\u00e1sica con taller de arreglos y atenci\u00f3n especializada","publisher":{"@id":"https:\/\/sombrerosgorostiaga.com\/#organization"},"potentialAction":[{"@type":"SearchAction","target":{"@type":"EntryPoint","urlTemplate":"https:\/\/sombrerosgorostiaga.com\/?s={search_term_string}"},"query-input":{"@type":"PropertyValueSpecification","valueRequired":true,"valueName":"search_term_string"}}],"inLanguage":"eu"},{"@type":"Organization","@id":"https:\/\/sombrerosgorostiaga.com\/#organization","name":"Sombreros Gorostiaga","url":"https:\/\/sombrerosgorostiaga.com\/","logo":{"@type":"ImageObject","inLanguage":"eu","@id":"https:\/\/sombrerosgorostiaga.com\/#\/schema\/logo\/image\/","url":"https:\/\/sombrerosgorostiaga.com\/wp-content\/uploads\/2025\/03\/cropped-Diseno_sin_titulo-removebg-preview.png","contentUrl":"https:\/\/sombrerosgorostiaga.com\/wp-content\/uploads\/2025\/03\/cropped-Diseno_sin_titulo-removebg-preview.png","width":500,"height":400,"caption":"Sombreros Gorostiaga"},"image":{"@id":"https:\/\/sombrerosgorostiaga.com\/#\/schema\/logo\/image\/"}}]}},"_links":{"self":[{"href":"https:\/\/sombrerosgorostiaga.com\/eu\/wp-json\/wp\/v2\/product\/2944","targetHints":{"allow":["GET"]}}],"collection":[{"href":"https:\/\/sombrerosgorostiaga.com\/eu\/wp-json\/wp\/v2\/product"}],"about":[{"href":"https:\/\/sombrerosgorostiaga.com\/eu\/wp-json\/wp\/v2\/types\/product"}],"wp:featuredmedia":[{"embeddable":true,"href":"https:\/\/sombrerosgorostiaga.com\/eu\/wp-json\/wp\/v2\/media\/2945"}],"wp:attachment":[{"href":"https:\/\/sombrerosgorostiaga.com\/eu\/wp-json\/wp\/v2\/media?parent=2944"}],"wp:term":[{"taxonomy":"product_brand","embeddable":true,"href":"https:\/\/sombrerosgorostiaga.com\/eu\/wp-json\/wp\/v2\/product_brand?post=2944"},{"taxonomy":"product_cat","embeddable":true,"href":"https:\/\/sombrerosgorostiaga.com\/eu\/wp-json\/wp\/v2\/product_cat?post=2944"},{"taxonomy":"product_tag","embeddable":true,"href":"https:\/\/sombrerosgorostiaga.com\/eu\/wp-json\/wp\/v2\/product_tag?post=2944"}],"curies":[{"name":"wp","href":"https:\/\/api.w.org\/{rel}","templated":true}]}}