{"id":2235,"date":"2025-04-01T10:23:53","date_gmt":"2025-04-01T10:23:53","guid":{"rendered":"https:\/\/sombrerosgorostiaga.rkinformatika.online\/?post_type=product&#038;p=2235"},"modified":"2025-04-08T09:47:07","modified_gmt":"2025-04-08T09:47:07","slug":"pirineo-gris","status":"publish","type":"product","link":"https:\/\/sombrerosgorostiaga.com\/eu\/produktua\/pirineo-gris\/","title":{"rendered":"Pirineo Gris"},"content":{"rendered":"<p>Gorra visera con perilla.<\/p>\n<p>Manteniendo la tradici\u00f3n, boinas El\u00f3segui apuesta por esta actualizaci\u00f3n con la que se dirige a un p\u00fablico m\u00e1s joven aportando un toque elegante e informal.<\/p>\n<p>Con tratamiento impermeabilizante.<\/p>\n<p>Confeccionada con lana 100% merino (australiana).<\/p>\n<script>function getWR360PopupSkin(){return 'light_clean';}<\/script>","protected":false},"excerpt":{"rendered":"<p><span style=\"color: #ff0000;\">Boina adaptada con forma de visera. <\/span><span style=\"color: #ff9900;\"><span style=\"color: #999999;\">(Con el rabillo tradicional)<\/span><\/span><\/p>","protected":false},"featured_media":2243,"template":"","meta":[],"product_brand":[],"product_cat":[26],"product_tag":[],"class_list":{"0":"post-2235","1":"product","2":"type-product","3":"status-publish","4":"has-post-thumbnail","6":"product_cat-gorras","8":"first","9":"instock","10":"taxable","11":"shipping-taxable","12":"purchasable","13":"product-type-variable"},"yoast_head":"<!-- This site is optimized with the Yoast SEO plugin v27.4 - https:\/\/yoast.com\/product\/yoast-seo-wordpress\/ -->\n<title>Pirineo Gris - Sombreros Gorostiaga<\/title>\n<meta name=\"robots\" content=\"index, follow, max-snippet:-1, max-image-preview:large, max-video-preview:-1\" \/>\n<link rel=\"canonical\" href=\"https:\/\/sombrerosgorostiaga.com\/eu\/produktua\/pirineo-gris\/\" \/>\n<meta property=\"og:locale\" content=\"en_US\" \/>\n<meta property=\"og:type\" content=\"article\" \/>\n<meta property=\"og:title\" content=\"Pirineo Gris - Sombreros Gorostiaga\" \/>\n<meta property=\"og:description\" content=\"Boina adaptada con forma de visera. (Con el rabillo tradicional)\" \/>\n<meta property=\"og:url\" content=\"https:\/\/sombrerosgorostiaga.com\/eu\/produktua\/pirineo-gris\/\" \/>\n<meta property=\"og:site_name\" content=\"Sombreros Gorostiaga\" \/>\n<meta property=\"article:modified_time\" content=\"2025-04-08T09:47:07+00:00\" \/>\n<meta property=\"og:image\" content=\"https:\/\/sombrerosgorostiaga.com\/wp-content\/uploads\/2025\/04\/IMG20241209170705-scaled-1.jpg\" \/>\n\t<meta property=\"og:image:width\" content=\"2560\" \/>\n\t<meta property=\"og:image:height\" content=\"1920\" \/>\n\t<meta property=\"og:image:type\" content=\"image\/jpeg\" \/>\n<meta name=\"twitter:card\" content=\"summary_large_image\" \/>\n<meta name=\"twitter:label1\" content=\"Est. reading time\" \/>\n\t<meta name=\"twitter:data1\" content=\"1 minutua\" \/>\n<script type=\"application\/ld+json\" class=\"yoast-schema-graph\">{\"@context\":\"https:\\\/\\\/schema.org\",\"@graph\":[{\"@type\":\"WebPage\",\"@id\":\"https:\\\/\\\/sombrerosgorostiaga.com\\\/producto\\\/pirineo-gris\\\/\",\"url\":\"https:\\\/\\\/sombrerosgorostiaga.com\\\/producto\\\/pirineo-gris\\\/\",\"name\":\"Pirineo Gris - Sombreros Gorostiaga\",\"isPartOf\":{\"@id\":\"https:\\\/\\\/sombrerosgorostiaga.com\\\/#website\"},\"primaryImageOfPage\":{\"@id\":\"https:\\\/\\\/sombrerosgorostiaga.com\\\/producto\\\/pirineo-gris\\\/#primaryimage\"},\"image\":{\"@id\":\"https:\\\/\\\/sombrerosgorostiaga.com\\\/producto\\\/pirineo-gris\\\/#primaryimage\"},\"thumbnailUrl\":\"https:\\\/\\\/sombrerosgorostiaga.com\\\/wp-content\\\/uploads\\\/2025\\\/04\\\/IMG20241209170705-scaled-1.jpg\",\"datePublished\":\"2025-04-01T10:23:53+00:00\",\"dateModified\":\"2025-04-08T09:47:07+00:00\",\"breadcrumb\":{\"@id\":\"https:\\\/\\\/sombrerosgorostiaga.com\\\/producto\\\/pirineo-gris\\\/#breadcrumb\"},\"inLanguage\":\"eu\",\"potentialAction\":[{\"@type\":\"ReadAction\",\"target\":[\"https:\\\/\\\/sombrerosgorostiaga.com\\\/producto\\\/pirineo-gris\\\/\"]}]},{\"@type\":\"ImageObject\",\"inLanguage\":\"eu\",\"@id\":\"https:\\\/\\\/sombrerosgorostiaga.com\\\/producto\\\/pirineo-gris\\\/#primaryimage\",\"url\":\"https:\\\/\\\/sombrerosgorostiaga.com\\\/wp-content\\\/uploads\\\/2025\\\/04\\\/IMG20241209170705-scaled-1.jpg\",\"contentUrl\":\"https:\\\/\\\/sombrerosgorostiaga.com\\\/wp-content\\\/uploads\\\/2025\\\/04\\\/IMG20241209170705-scaled-1.jpg\",\"width\":2560,\"height\":1920},{\"@type\":\"BreadcrumbList\",\"@id\":\"https:\\\/\\\/sombrerosgorostiaga.com\\\/producto\\\/pirineo-gris\\\/#breadcrumb\",\"itemListElement\":[{\"@type\":\"ListItem\",\"position\":1,\"name\":\"Portada\",\"item\":\"https:\\\/\\\/sombrerosgorostiaga.com\\\/\"},{\"@type\":\"ListItem\",\"position\":2,\"name\":\"Tienda\",\"item\":\"https:\\\/\\\/sombrerosgorostiaga.com\\\/tienda\\\/\"},{\"@type\":\"ListItem\",\"position\":3,\"name\":\"Pirineo Gris\"}]},{\"@type\":\"WebSite\",\"@id\":\"https:\\\/\\\/sombrerosgorostiaga.com\\\/#website\",\"url\":\"https:\\\/\\\/sombrerosgorostiaga.com\\\/\",\"name\":\"Sombreros Gorostiaga\",\"description\":\"Sombrerer\u00eda cl\u00e1sica con taller de arreglos y atenci\u00f3n especializada\",\"publisher\":{\"@id\":\"https:\\\/\\\/sombrerosgorostiaga.com\\\/#organization\"},\"potentialAction\":[{\"@type\":\"SearchAction\",\"target\":{\"@type\":\"EntryPoint\",\"urlTemplate\":\"https:\\\/\\\/sombrerosgorostiaga.com\\\/?s={search_term_string}\"},\"query-input\":{\"@type\":\"PropertyValueSpecification\",\"valueRequired\":true,\"valueName\":\"search_term_string\"}}],\"inLanguage\":\"eu\"},{\"@type\":\"Organization\",\"@id\":\"https:\\\/\\\/sombrerosgorostiaga.com\\\/#organization\",\"name\":\"Sombreros Gorostiaga\",\"url\":\"https:\\\/\\\/sombrerosgorostiaga.com\\\/\",\"logo\":{\"@type\":\"ImageObject\",\"inLanguage\":\"eu\",\"@id\":\"https:\\\/\\\/sombrerosgorostiaga.com\\\/#\\\/schema\\\/logo\\\/image\\\/\",\"url\":\"https:\\\/\\\/sombrerosgorostiaga.com\\\/wp-content\\\/uploads\\\/2025\\\/03\\\/cropped-Diseno_sin_titulo-removebg-preview.png\",\"contentUrl\":\"https:\\\/\\\/sombrerosgorostiaga.com\\\/wp-content\\\/uploads\\\/2025\\\/03\\\/cropped-Diseno_sin_titulo-removebg-preview.png\",\"width\":500,\"height\":400,\"caption\":\"Sombreros Gorostiaga\"},\"image\":{\"@id\":\"https:\\\/\\\/sombrerosgorostiaga.com\\\/#\\\/schema\\\/logo\\\/image\\\/\"}}]}<\/script>\n<!-- \/ Yoast SEO plugin. -->","yoast_head_json":{"title":"Pirineo Gris - Sombreros Gorostiaga","robots":{"index":"index","follow":"follow","max-snippet":"max-snippet:-1","max-image-preview":"max-image-preview:large","max-video-preview":"max-video-preview:-1"},"canonical":"https:\/\/sombrerosgorostiaga.com\/eu\/produktua\/pirineo-gris\/","og_locale":"en_US","og_type":"article","og_title":"Pirineo Gris - Sombreros Gorostiaga","og_description":"Boina adaptada con forma de visera. (Con el rabillo tradicional)","og_url":"https:\/\/sombrerosgorostiaga.com\/eu\/produktua\/pirineo-gris\/","og_site_name":"Sombreros Gorostiaga","article_modified_time":"2025-04-08T09:47:07+00:00","og_image":[{"width":2560,"height":1920,"url":"https:\/\/sombrerosgorostiaga.com\/wp-content\/uploads\/2025\/04\/IMG20241209170705-scaled-1.jpg","type":"image\/jpeg"}],"twitter_card":"summary_large_image","twitter_misc":{"Est. reading time":"1 minutua"},"schema":{"@context":"https:\/\/schema.org","@graph":[{"@type":"WebPage","@id":"https:\/\/sombrerosgorostiaga.com\/producto\/pirineo-gris\/","url":"https:\/\/sombrerosgorostiaga.com\/producto\/pirineo-gris\/","name":"Pirineo Gris - Sombreros Gorostiaga","isPartOf":{"@id":"https:\/\/sombrerosgorostiaga.com\/#website"},"primaryImageOfPage":{"@id":"https:\/\/sombrerosgorostiaga.com\/producto\/pirineo-gris\/#primaryimage"},"image":{"@id":"https:\/\/sombrerosgorostiaga.com\/producto\/pirineo-gris\/#primaryimage"},"thumbnailUrl":"https:\/\/sombrerosgorostiaga.com\/wp-content\/uploads\/2025\/04\/IMG20241209170705-scaled-1.jpg","datePublished":"2025-04-01T10:23:53+00:00","dateModified":"2025-04-08T09:47:07+00:00","breadcrumb":{"@id":"https:\/\/sombrerosgorostiaga.com\/producto\/pirineo-gris\/#breadcrumb"},"inLanguage":"eu","potentialAction":[{"@type":"ReadAction","target":["https:\/\/sombrerosgorostiaga.com\/producto\/pirineo-gris\/"]}]},{"@type":"ImageObject","inLanguage":"eu","@id":"https:\/\/sombrerosgorostiaga.com\/producto\/pirineo-gris\/#primaryimage","url":"https:\/\/sombrerosgorostiaga.com\/wp-content\/uploads\/2025\/04\/IMG20241209170705-scaled-1.jpg","contentUrl":"https:\/\/sombrerosgorostiaga.com\/wp-content\/uploads\/2025\/04\/IMG20241209170705-scaled-1.jpg","width":2560,"height":1920},{"@type":"BreadcrumbList","@id":"https:\/\/sombrerosgorostiaga.com\/producto\/pirineo-gris\/#breadcrumb","itemListElement":[{"@type":"ListItem","position":1,"name":"Portada","item":"https:\/\/sombrerosgorostiaga.com\/"},{"@type":"ListItem","position":2,"name":"Tienda","item":"https:\/\/sombrerosgorostiaga.com\/tienda\/"},{"@type":"ListItem","position":3,"name":"Pirineo Gris"}]},{"@type":"WebSite","@id":"https:\/\/sombrerosgorostiaga.com\/#website","url":"https:\/\/sombrerosgorostiaga.com\/","name":"Sombreros Gorostiaga","description":"Sombrerer\u00eda cl\u00e1sica con taller de arreglos y atenci\u00f3n especializada","publisher":{"@id":"https:\/\/sombrerosgorostiaga.com\/#organization"},"potentialAction":[{"@type":"SearchAction","target":{"@type":"EntryPoint","urlTemplate":"https:\/\/sombrerosgorostiaga.com\/?s={search_term_string}"},"query-input":{"@type":"PropertyValueSpecification","valueRequired":true,"valueName":"search_term_string"}}],"inLanguage":"eu"},{"@type":"Organization","@id":"https:\/\/sombrerosgorostiaga.com\/#organization","name":"Sombreros Gorostiaga","url":"https:\/\/sombrerosgorostiaga.com\/","logo":{"@type":"ImageObject","inLanguage":"eu","@id":"https:\/\/sombrerosgorostiaga.com\/#\/schema\/logo\/image\/","url":"https:\/\/sombrerosgorostiaga.com\/wp-content\/uploads\/2025\/03\/cropped-Diseno_sin_titulo-removebg-preview.png","contentUrl":"https:\/\/sombrerosgorostiaga.com\/wp-content\/uploads\/2025\/03\/cropped-Diseno_sin_titulo-removebg-preview.png","width":500,"height":400,"caption":"Sombreros Gorostiaga"},"image":{"@id":"https:\/\/sombrerosgorostiaga.com\/#\/schema\/logo\/image\/"}}]}},"_links":{"self":[{"href":"https:\/\/sombrerosgorostiaga.com\/eu\/wp-json\/wp\/v2\/product\/2235","targetHints":{"allow":["GET"]}}],"collection":[{"href":"https:\/\/sombrerosgorostiaga.com\/eu\/wp-json\/wp\/v2\/product"}],"about":[{"href":"https:\/\/sombrerosgorostiaga.com\/eu\/wp-json\/wp\/v2\/types\/product"}],"wp:featuredmedia":[{"embeddable":true,"href":"https:\/\/sombrerosgorostiaga.com\/eu\/wp-json\/wp\/v2\/media\/2243"}],"wp:attachment":[{"href":"https:\/\/sombrerosgorostiaga.com\/eu\/wp-json\/wp\/v2\/media?parent=2235"}],"wp:term":[{"taxonomy":"product_brand","embeddable":true,"href":"https:\/\/sombrerosgorostiaga.com\/eu\/wp-json\/wp\/v2\/product_brand?post=2235"},{"taxonomy":"product_cat","embeddable":true,"href":"https:\/\/sombrerosgorostiaga.com\/eu\/wp-json\/wp\/v2\/product_cat?post=2235"},{"taxonomy":"product_tag","embeddable":true,"href":"https:\/\/sombrerosgorostiaga.com\/eu\/wp-json\/wp\/v2\/product_tag?post=2235"}],"curies":[{"name":"wp","href":"https:\/\/api.w.org\/{rel}","templated":true}]}}