{"id":2,"date":"2025-03-17T08:24:34","date_gmt":"2025-03-17T08:24:34","guid":{"rendered":"https:\/\/sombrerosgorostiaga.rkinformatika.online\/?page_id=2"},"modified":"2025-04-08T13:39:20","modified_gmt":"2025-04-08T13:39:20","slug":"sobre-nosotros","status":"publish","type":"page","link":"https:\/\/sombrerosgorostiaga.com\/eu\/sobre-nosotros\/","title":{"rendered":"Guri buruz"},"content":{"rendered":"<div data-elementor-type=\"wp-page\" data-elementor-id=\"2\" class=\"elementor elementor-2\" data-elementor-post-type=\"page\">\n\t\t\t\t<div class=\"elementor-element elementor-element-c62d036 elementor-hidden-desktop elementor-hidden-tablet elementor-hidden-mobile e-flex e-con-boxed e-con e-parent\" data-id=\"c62d036\" data-element_type=\"container\" data-e-type=\"container\" data-settings=\"{&quot;background_background&quot;:&quot;classic&quot;}\">\n\t\t\t\t\t<div class=\"e-con-inner\">\n\t\t\t\t<div class=\"elementor-element elementor-element-9829f26 elementor-icon-list--layout-inline elementor-align-center elementor-list-item-link-full_width elementor-widget elementor-widget-icon-list\" data-id=\"9829f26\" data-element_type=\"widget\" data-e-type=\"widget\" data-widget_type=\"icon-list.default\">\n\t\t\t\t<div class=\"elementor-widget-container\">\n\t\t\t\t\t\t\t<ul class=\"elementor-icon-list-items elementor-inline-items\">\n\t\t\t\t\t\t\t<li class=\"elementor-icon-list-item elementor-inline-item\">\n\t\t\t\t\t\t\t\t\t\t\t<span class=\"elementor-icon-list-icon\">\n\t\t\t\t\t\t\t<svg aria-hidden=\"true\" class=\"e-font-icon-svg e-fas-home\" viewbox=\"0 0 576 512\" xmlns=\"http:\/\/www.w3.org\/2000\/svg\"><path d=\"M280.37 148.26L96 300.11V464a16 16 0 0 0 16 16l112.06-.29a16 16 0 0 0 15.92-16V368a16 16 0 0 1 16-16h64a16 16 0 0 1 16 16v95.64a16 16 0 0 0 16 16.05L464 480a16 16 0 0 0 16-16V300L295.67 148.26a12.19 12.19 0 0 0-15.3 0zM571.6 251.47L488 182.56V44.05a12 12 0 0 0-12-12h-56a12 12 0 0 0-12 12v72.61L318.47 43a48 48 0 0 0-61 0L4.34 251.47a12 12 0 0 0-1.6 16.9l25.5 31A12 12 0 0 0 45.15 301l235.22-193.74a12.19 12.19 0 0 1 15.3 0L530.9 301a12 12 0 0 0 16.9-1.6l25.5-31a12 12 0 0 0-1.7-16.93z\"><\/path><\/svg>\t\t\t\t\t\t<\/span>\n\t\t\t\t\t\t\t\t\t\t<span class=\"elementor-icon-list-text\">Inicio<\/span>\n\t\t\t\t\t\t\t\t\t<\/li>\n\t\t\t\t\t\t\t\t<li class=\"elementor-icon-list-item elementor-inline-item\">\n\t\t\t\t\t\t\t\t\t\t\t<span class=\"elementor-icon-list-icon\">\n\t\t\t\t\t\t\t<svg aria-hidden=\"true\" class=\"e-font-icon-svg e-fas-angle-right\" viewbox=\"0 0 256 512\" xmlns=\"http:\/\/www.w3.org\/2000\/svg\"><path d=\"M224.3 273l-136 136c-9.4 9.4-24.6 9.4-33.9 0l-22.6-22.6c-9.4-9.4-9.4-24.6 0-33.9l96.4-96.4-96.4-96.4c-9.4-9.4-9.4-24.6 0-33.9L54.3 103c9.4-9.4 24.6-9.4 33.9 0l136 136c9.5 9.4 9.5 24.6.1 34z\"><\/path><\/svg>\t\t\t\t\t\t<\/span>\n\t\t\t\t\t\t\t\t\t\t<span class=\"elementor-icon-list-text\">Denda<\/span>\n\t\t\t\t\t\t\t\t\t<\/li>\n\t\t\t\t\t\t<\/ul>\n\t\t\t\t\t\t<\/div>\n\t\t\t\t<\/div>\n\t\t\t\t\t<\/div>\n\t\t\t\t<\/div>\n\t\t<div class=\"elementor-element elementor-element-a957c0b e-flex e-con-boxed e-con e-parent\" data-id=\"a957c0b\" data-element_type=\"container\" data-e-type=\"container\">\n\t\t\t\t\t<div class=\"e-con-inner\">\n\t\t<div class=\"elementor-element elementor-element-0b8c136 e-con-full e-flex e-con e-child\" data-id=\"0b8c136\" data-element_type=\"container\" data-e-type=\"container\">\n\t\t\t\t<div class=\"elementor-element elementor-element-99cb887 elementor-widget elementor-widget-image\" data-id=\"99cb887\" data-element_type=\"widget\" data-e-type=\"widget\" data-widget_type=\"image.default\">\n\t\t\t\t<div class=\"elementor-widget-container\">\n\t\t\t\t\t\t\t\t\t\t\t\t\t\t\t\t<a href=\"https:\/\/sombrerosgorostiaga.com\/wp-content\/uploads\/2025\/03\/1900-GOROSTIAGA-980x636-1.jpg\" data-elementor-open-lightbox=\"yes\" data-elementor-lightbox-title=\"1900-GOROSTIAGA-980x636\" data-e-action-hash=\"#elementor-action%3Aaction%3Dlightbox%26settings%3DeyJpZCI6MTQzMiwidXJsIjoiaHR0cHM6XC9cL3NvbWJyZXJvc2dvcm9zdGlhZ2EuY29tXC93cC1jb250ZW50XC91cGxvYWRzXC8yMDI1XC8wM1wvMTkwMC1HT1JPU1RJQUdBLTk4MHg2MzYtMS5qcGcifQ%3D%3D\">\n\t\t\t\t\t\t\t<img fetchpriority=\"high\" decoding=\"async\" width=\"800\" height=\"519\" src=\"https:\/\/sombrerosgorostiaga.com\/wp-content\/uploads\/2025\/03\/1900-GOROSTIAGA-980x636-1.jpg\" class=\"elementor-animation-grow attachment-large size-large wp-image-1432\" alt=\"\" srcset=\"https:\/\/sombrerosgorostiaga.com\/wp-content\/uploads\/2025\/03\/1900-GOROSTIAGA-980x636-1.jpg 980w, https:\/\/sombrerosgorostiaga.com\/wp-content\/uploads\/2025\/03\/1900-GOROSTIAGA-980x636-1-300x195.jpg 300w, https:\/\/sombrerosgorostiaga.com\/wp-content\/uploads\/2025\/03\/1900-GOROSTIAGA-980x636-1-768x498.jpg 768w, https:\/\/sombrerosgorostiaga.com\/wp-content\/uploads\/2025\/03\/1900-GOROSTIAGA-980x636-1-18x12.jpg 18w, https:\/\/sombrerosgorostiaga.com\/wp-content\/uploads\/2025\/03\/1900-GOROSTIAGA-980x636-1-600x389.jpg 600w\" sizes=\"(max-width: 800px) 100vw, 800px\" \/>\t\t\t\t\t\t\t\t<\/a>\n\t\t\t\t\t\t\t\t\t\t\t\t\t\t\t<\/div>\n\t\t\t\t<\/div>\n\t\t\t\t<\/div>\n\t\t<div class=\"elementor-element elementor-element-7da3dfb e-con-full e-flex e-con e-child\" data-id=\"7da3dfb\" data-element_type=\"container\" data-e-type=\"container\">\n\t\t\t\t<div class=\"elementor-element elementor-element-edd1cac elementor-widget elementor-widget-text-editor\" data-id=\"edd1cac\" data-element_type=\"widget\" data-e-type=\"widget\" data-widget_type=\"text-editor.default\">\n\t\t\t\t<div class=\"elementor-widget-container\">\n\t\t\t\t\t\t\t\t\t<p>1857an Fructuoso Gorostiagak negozio honi ekin zion, 160 urte baino gehiago geroago bizirik jarraitzen duena. Kapelak Gorostiaga Bilbo hiri kosmopolita bihurtuko zuen aireratze sozioekonomiko garai batean jaio zen.<\/p><p>Fruktuoso Gorostiaga Bidebarrieta kaleko pisu batean, \u201cla Violeta\u201d eskularru-dendaren gainean, lan egiten zuen kapelagile baten semea zen. Aitaren oinordekoa izan ondoren, lantegia Victor eta Correo kaleen arteko lonja batera eraman zuen. Gaur egun ere, Victor kaleko lonja horren zati bat okupatzen du.<\/p>\t\t\t\t\t\t\t\t<\/div>\n\t\t\t\t<\/div>\n\t\t\t\t<\/div>\n\t\t\t\t\t<\/div>\n\t\t\t\t<\/div>\n\t\t<div class=\"elementor-element elementor-element-33d9dce e-flex e-con-boxed e-con e-parent\" data-id=\"33d9dce\" data-element_type=\"container\" data-e-type=\"container\">\n\t\t\t\t\t<div class=\"e-con-inner\">\n\t\t\t\t<div class=\"elementor-element elementor-element-0a2dfc3 elementor-widget elementor-widget-text-editor\" data-id=\"0a2dfc3\" data-element_type=\"widget\" data-e-type=\"widget\" data-widget_type=\"text-editor.default\">\n\t\t\t\t<div class=\"elementor-widget-container\">\n\t\t\t\t\t\t\t\t\t<p>Kapela kopadun eta bonbineen garaiak ziren, Areatzan eta herriko pasealeku nagusietan janzten zirenak. Hala ere, beste eredu \u201cmodernoago\u201d batzuk ikusten hasiak ziren, hala nola Hamburgos edo Borsalinoak, Europako hiriburu handietan pixkanaka nagusitzen zirenak.<\/p><p>Frutuosoren semeak, Benjaminek, ez zuen familiaren lanbidea jarraitu, eta nahiago izan zuen odontologian jardun. Baina, gaur egun ere, kapelugintzan jarraitzen du; izan ere, George Carpentier boxeolari frantziar ospetsuaren bustoak, bere erakusleihoa apaintzen duenak, hortz-haginak ditu, bere trebetasun profesionalei esker.<\/p><p>Hala ere, erabaki horrek eta Fructuosoren osasun egoera delikatuak aholkatu zuten kapelagilea bilatzea negozioaren martxa onerako. Hala, inguruko merkataritza-agente baten bitartez, Antonio Pirla Mart\u00edn iritsi zen Bilbora, Burgosetik.<\/p><p>Horrela, XX. mendearen hasieran Pirla familia eszenaratu zen. Isidoro Pirla, kapelagilea Leonen, Riclako (Zaragoza) ebanista baten semea zen, eta bere seme Isidoro Madrilera bidali zuen Anton Martin kapelategira, izen bereko kalean, lanbidean trebatzeko. Burgosera beste saltoki bateko arduradun gisa joan ondoren, bere denda propioa ireki zuen: Pirla modas. Seme zaharrena, Antonio Pirla Mart\u00edn, 1920an Gorostiaga kapelugintzaz arduratzeko gomendatua izan zen.<\/p><p>Hala ere, negozioaren jabetzak Gorostiagatarren eskuetan jarraitu zuen, Alejandro Gorostiagak, Isidororen biloba eta gerra zibilean Frantzian bizi zenak, Antonio Pirlari kapelugintza eskualdatu zion arte, borroka amaitu ondoren.<\/p><p>Urte haietan, bere seme eta oinordeko Luis Pirlak dendan laguntzen zuen, gerraosteko urteak negozioarentzat bereziki bikainak izan ez ziren arren. Kontuan izan behar da zailtasun ekonomikoak zeuden garai hartan Bilbon 14 establezimendu inguru zeudela, eta, beraz, lehia oso garrantzitsua zela. Hala ere, Antoniok negozioan jarraitzera animatzen zuen bere seme Luis; izan ere, familiako pasadizo batek dioenez, \u201cbezeroak falta baziren, beti atera zitekeen bizimodua antzokietako eta ospakizunetako aretoetako atean kapelak eskuilatuz\u201d. Baieztapen horrek gaur egun harridura sortzen digun arren, XX. mendearen lehen erdia ondo gainditu arte indarrean egon zen jarduera bat zen, baita zapata-garbitzaileena ere.<\/p><p>Urteek aurrera egin ahala, Antoniok lehenengo eta Luisek geroago, garai berrietara egokitzearen alde egin zuten, beren katalogoan emakume, txapel eta txapelentzako osagarriak sartuz.<\/p><p>Gaur egun, I\u00f1akik eta Emiliok familiako tradizioarekin jarraitzen dute, sektoreko marka onenetako produktuen salmenta eta kapelak eta burukoak eskuz egitea uztartuz, baita ekitaldi eta ospakizunetarako txapelak eta txapelak pertsonalizatuz ere.<\/p>\t\t\t\t\t\t\t\t<\/div>\n\t\t\t\t<\/div>\n\t\t\t\t\t<\/div>\n\t\t\t\t<\/div>\n\t\t\t\t<\/div>\n\t\t<script>function getWR360PopupSkin(){return 'light_clean';}<\/script>","protected":false},"excerpt":{"rendered":"<p>Inicio Tienda En 1857 Fructuoso Gorostiaga inici\u00f3 este negocio que m\u00e1s de 160 a\u00f1os despu\u00e9s sigue vivo. Sombreros Gorostiaga nac\u00eda inmersa en un periodo de despegue socioecon\u00f3mico que har\u00eda de la villa de Bilbao una ciudad cosmopolita. Fructuoso Gorostiaga era hijo de un sombrerero que trabajaba en un piso de la calle Bidebarrieta, encima de [&hellip;]<\/p>\n","protected":false},"author":1,"featured_media":0,"parent":0,"menu_order":0,"comment_status":"closed","ping_status":"closed","template":"elementor_canvas","meta":{"footnotes":""},"class_list":["post-2","page","type-page","status-publish","hentry"],"yoast_head":"<!-- This site is optimized with the Yoast SEO plugin v27.4 - https:\/\/yoast.com\/product\/yoast-seo-wordpress\/ -->\n<title>Sobre Nosotros - Sombreros Gorostiaga<\/title>\n<meta name=\"robots\" content=\"index, follow, max-snippet:-1, max-image-preview:large, max-video-preview:-1\" \/>\n<link rel=\"canonical\" href=\"https:\/\/sombrerosgorostiaga.com\/eu\/sobre-nosotros\/\" \/>\n<meta property=\"og:locale\" content=\"en_US\" \/>\n<meta property=\"og:type\" content=\"article\" \/>\n<meta property=\"og:title\" content=\"Sobre Nosotros - Sombreros Gorostiaga\" \/>\n<meta property=\"og:description\" content=\"Inicio Tienda En 1857 Fructuoso Gorostiaga inici\u00f3 este negocio que m\u00e1s de 160 a\u00f1os despu\u00e9s sigue vivo. Sombreros Gorostiaga nac\u00eda inmersa en un periodo de despegue socioecon\u00f3mico que har\u00eda de la villa de Bilbao una ciudad cosmopolita. Fructuoso Gorostiaga era hijo de un sombrerero que trabajaba en un piso de la calle Bidebarrieta, encima de [&hellip;]\" \/>\n<meta property=\"og:url\" content=\"https:\/\/sombrerosgorostiaga.com\/eu\/sobre-nosotros\/\" \/>\n<meta property=\"og:site_name\" content=\"Sombreros Gorostiaga\" \/>\n<meta property=\"article:modified_time\" content=\"2025-04-08T13:39:20+00:00\" \/>\n<meta property=\"og:image\" content=\"https:\/\/sombrerosgorostiaga.com\/wp-content\/uploads\/2025\/03\/1900-GOROSTIAGA-980x636-1.jpg\" \/>\n\t<meta property=\"og:image:width\" content=\"980\" \/>\n\t<meta property=\"og:image:height\" content=\"636\" \/>\n\t<meta property=\"og:image:type\" content=\"image\/jpeg\" \/>\n<meta name=\"twitter:card\" content=\"summary_large_image\" \/>\n<meta name=\"twitter:label1\" content=\"Est. reading time\" \/>\n\t<meta name=\"twitter:data1\" content=\"3 minutua\" \/>\n<script type=\"application\/ld+json\" class=\"yoast-schema-graph\">{\"@context\":\"https:\\\/\\\/schema.org\",\"@graph\":[{\"@type\":\"WebPage\",\"@id\":\"https:\\\/\\\/sombrerosgorostiaga.com\\\/sobre-nosotros\\\/\",\"url\":\"https:\\\/\\\/sombrerosgorostiaga.com\\\/sobre-nosotros\\\/\",\"name\":\"Sobre Nosotros - Sombreros Gorostiaga\",\"isPartOf\":{\"@id\":\"https:\\\/\\\/sombrerosgorostiaga.com\\\/#website\"},\"primaryImageOfPage\":{\"@id\":\"https:\\\/\\\/sombrerosgorostiaga.com\\\/sobre-nosotros\\\/#primaryimage\"},\"image\":{\"@id\":\"https:\\\/\\\/sombrerosgorostiaga.com\\\/sobre-nosotros\\\/#primaryimage\"},\"thumbnailUrl\":\"https:\\\/\\\/sombrerosgorostiaga.com\\\/wp-content\\\/uploads\\\/2025\\\/03\\\/1900-GOROSTIAGA-980x636-1.jpg\",\"datePublished\":\"2025-03-17T08:24:34+00:00\",\"dateModified\":\"2025-04-08T13:39:20+00:00\",\"breadcrumb\":{\"@id\":\"https:\\\/\\\/sombrerosgorostiaga.com\\\/sobre-nosotros\\\/#breadcrumb\"},\"inLanguage\":\"eu\",\"potentialAction\":[{\"@type\":\"ReadAction\",\"target\":[\"https:\\\/\\\/sombrerosgorostiaga.com\\\/sobre-nosotros\\\/\"]}]},{\"@type\":\"ImageObject\",\"inLanguage\":\"eu\",\"@id\":\"https:\\\/\\\/sombrerosgorostiaga.com\\\/sobre-nosotros\\\/#primaryimage\",\"url\":\"https:\\\/\\\/sombrerosgorostiaga.com\\\/wp-content\\\/uploads\\\/2025\\\/03\\\/1900-GOROSTIAGA-980x636-1.jpg\",\"contentUrl\":\"https:\\\/\\\/sombrerosgorostiaga.com\\\/wp-content\\\/uploads\\\/2025\\\/03\\\/1900-GOROSTIAGA-980x636-1.jpg\"},{\"@type\":\"BreadcrumbList\",\"@id\":\"https:\\\/\\\/sombrerosgorostiaga.com\\\/sobre-nosotros\\\/#breadcrumb\",\"itemListElement\":[{\"@type\":\"ListItem\",\"position\":1,\"name\":\"Portada\",\"item\":\"https:\\\/\\\/sombrerosgorostiaga.com\\\/\"},{\"@type\":\"ListItem\",\"position\":2,\"name\":\"Sobre Nosotros\"}]},{\"@type\":\"WebSite\",\"@id\":\"https:\\\/\\\/sombrerosgorostiaga.com\\\/#website\",\"url\":\"https:\\\/\\\/sombrerosgorostiaga.com\\\/\",\"name\":\"Sombreros Gorostiaga\",\"description\":\"Sombrerer\u00eda cl\u00e1sica con taller de arreglos y atenci\u00f3n especializada\",\"publisher\":{\"@id\":\"https:\\\/\\\/sombrerosgorostiaga.com\\\/#organization\"},\"potentialAction\":[{\"@type\":\"SearchAction\",\"target\":{\"@type\":\"EntryPoint\",\"urlTemplate\":\"https:\\\/\\\/sombrerosgorostiaga.com\\\/?s={search_term_string}\"},\"query-input\":{\"@type\":\"PropertyValueSpecification\",\"valueRequired\":true,\"valueName\":\"search_term_string\"}}],\"inLanguage\":\"eu\"},{\"@type\":\"Organization\",\"@id\":\"https:\\\/\\\/sombrerosgorostiaga.com\\\/#organization\",\"name\":\"Sombreros Gorostiaga\",\"url\":\"https:\\\/\\\/sombrerosgorostiaga.com\\\/\",\"logo\":{\"@type\":\"ImageObject\",\"inLanguage\":\"eu\",\"@id\":\"https:\\\/\\\/sombrerosgorostiaga.com\\\/#\\\/schema\\\/logo\\\/image\\\/\",\"url\":\"https:\\\/\\\/sombrerosgorostiaga.com\\\/wp-content\\\/uploads\\\/2025\\\/03\\\/cropped-Diseno_sin_titulo-removebg-preview.png\",\"contentUrl\":\"https:\\\/\\\/sombrerosgorostiaga.com\\\/wp-content\\\/uploads\\\/2025\\\/03\\\/cropped-Diseno_sin_titulo-removebg-preview.png\",\"width\":500,\"height\":400,\"caption\":\"Sombreros Gorostiaga\"},\"image\":{\"@id\":\"https:\\\/\\\/sombrerosgorostiaga.com\\\/#\\\/schema\\\/logo\\\/image\\\/\"}}]}<\/script>\n<!-- \/ Yoast SEO plugin. -->","yoast_head_json":{"title":"Sobre Nosotros - Sombreros Gorostiaga","robots":{"index":"index","follow":"follow","max-snippet":"max-snippet:-1","max-image-preview":"max-image-preview:large","max-video-preview":"max-video-preview:-1"},"canonical":"https:\/\/sombrerosgorostiaga.com\/eu\/sobre-nosotros\/","og_locale":"en_US","og_type":"article","og_title":"Sobre Nosotros - Sombreros Gorostiaga","og_description":"Inicio Tienda En 1857 Fructuoso Gorostiaga inici\u00f3 este negocio que m\u00e1s de 160 a\u00f1os despu\u00e9s sigue vivo. Sombreros Gorostiaga nac\u00eda inmersa en un periodo de despegue socioecon\u00f3mico que har\u00eda de la villa de Bilbao una ciudad cosmopolita. Fructuoso Gorostiaga era hijo de un sombrerero que trabajaba en un piso de la calle Bidebarrieta, encima de [&hellip;]","og_url":"https:\/\/sombrerosgorostiaga.com\/eu\/sobre-nosotros\/","og_site_name":"Sombreros Gorostiaga","article_modified_time":"2025-04-08T13:39:20+00:00","og_image":[{"width":980,"height":636,"url":"https:\/\/sombrerosgorostiaga.com\/wp-content\/uploads\/2025\/03\/1900-GOROSTIAGA-980x636-1.jpg","type":"image\/jpeg"}],"twitter_card":"summary_large_image","twitter_misc":{"Est. reading time":"3 minutua"},"schema":{"@context":"https:\/\/schema.org","@graph":[{"@type":"WebPage","@id":"https:\/\/sombrerosgorostiaga.com\/sobre-nosotros\/","url":"https:\/\/sombrerosgorostiaga.com\/sobre-nosotros\/","name":"Sobre Nosotros - Sombreros Gorostiaga","isPartOf":{"@id":"https:\/\/sombrerosgorostiaga.com\/#website"},"primaryImageOfPage":{"@id":"https:\/\/sombrerosgorostiaga.com\/sobre-nosotros\/#primaryimage"},"image":{"@id":"https:\/\/sombrerosgorostiaga.com\/sobre-nosotros\/#primaryimage"},"thumbnailUrl":"https:\/\/sombrerosgorostiaga.com\/wp-content\/uploads\/2025\/03\/1900-GOROSTIAGA-980x636-1.jpg","datePublished":"2025-03-17T08:24:34+00:00","dateModified":"2025-04-08T13:39:20+00:00","breadcrumb":{"@id":"https:\/\/sombrerosgorostiaga.com\/sobre-nosotros\/#breadcrumb"},"inLanguage":"eu","potentialAction":[{"@type":"ReadAction","target":["https:\/\/sombrerosgorostiaga.com\/sobre-nosotros\/"]}]},{"@type":"ImageObject","inLanguage":"eu","@id":"https:\/\/sombrerosgorostiaga.com\/sobre-nosotros\/#primaryimage","url":"https:\/\/sombrerosgorostiaga.com\/wp-content\/uploads\/2025\/03\/1900-GOROSTIAGA-980x636-1.jpg","contentUrl":"https:\/\/sombrerosgorostiaga.com\/wp-content\/uploads\/2025\/03\/1900-GOROSTIAGA-980x636-1.jpg"},{"@type":"BreadcrumbList","@id":"https:\/\/sombrerosgorostiaga.com\/sobre-nosotros\/#breadcrumb","itemListElement":[{"@type":"ListItem","position":1,"name":"Portada","item":"https:\/\/sombrerosgorostiaga.com\/"},{"@type":"ListItem","position":2,"name":"Sobre Nosotros"}]},{"@type":"WebSite","@id":"https:\/\/sombrerosgorostiaga.com\/#website","url":"https:\/\/sombrerosgorostiaga.com\/","name":"Sombreros Gorostiaga","description":"Sombrerer\u00eda cl\u00e1sica con taller de arreglos y atenci\u00f3n especializada","publisher":{"@id":"https:\/\/sombrerosgorostiaga.com\/#organization"},"potentialAction":[{"@type":"SearchAction","target":{"@type":"EntryPoint","urlTemplate":"https:\/\/sombrerosgorostiaga.com\/?s={search_term_string}"},"query-input":{"@type":"PropertyValueSpecification","valueRequired":true,"valueName":"search_term_string"}}],"inLanguage":"eu"},{"@type":"Organization","@id":"https:\/\/sombrerosgorostiaga.com\/#organization","name":"Sombreros Gorostiaga","url":"https:\/\/sombrerosgorostiaga.com\/","logo":{"@type":"ImageObject","inLanguage":"eu","@id":"https:\/\/sombrerosgorostiaga.com\/#\/schema\/logo\/image\/","url":"https:\/\/sombrerosgorostiaga.com\/wp-content\/uploads\/2025\/03\/cropped-Diseno_sin_titulo-removebg-preview.png","contentUrl":"https:\/\/sombrerosgorostiaga.com\/wp-content\/uploads\/2025\/03\/cropped-Diseno_sin_titulo-removebg-preview.png","width":500,"height":400,"caption":"Sombreros Gorostiaga"},"image":{"@id":"https:\/\/sombrerosgorostiaga.com\/#\/schema\/logo\/image\/"}}]}},"_links":{"self":[{"href":"https:\/\/sombrerosgorostiaga.com\/eu\/wp-json\/wp\/v2\/pages\/2","targetHints":{"allow":["GET"]}}],"collection":[{"href":"https:\/\/sombrerosgorostiaga.com\/eu\/wp-json\/wp\/v2\/pages"}],"about":[{"href":"https:\/\/sombrerosgorostiaga.com\/eu\/wp-json\/wp\/v2\/types\/page"}],"author":[{"embeddable":true,"href":"https:\/\/sombrerosgorostiaga.com\/eu\/wp-json\/wp\/v2\/users\/1"}],"replies":[{"embeddable":true,"href":"https:\/\/sombrerosgorostiaga.com\/eu\/wp-json\/wp\/v2\/comments?post=2"}],"version-history":[{"count":121,"href":"https:\/\/sombrerosgorostiaga.com\/eu\/wp-json\/wp\/v2\/pages\/2\/revisions"}],"predecessor-version":[{"id":2815,"href":"https:\/\/sombrerosgorostiaga.com\/eu\/wp-json\/wp\/v2\/pages\/2\/revisions\/2815"}],"wp:attachment":[{"href":"https:\/\/sombrerosgorostiaga.com\/eu\/wp-json\/wp\/v2\/media?parent=2"}],"curies":[{"name":"wp","href":"https:\/\/api.w.org\/{rel}","templated":true}]}}