{"id":159,"date":"2025-03-17T10:41:37","date_gmt":"2025-03-17T10:41:37","guid":{"rendered":"https:\/\/sombrerosgorostiaga.rkinformatika.online\/?page_id=159"},"modified":"2025-12-10T11:50:29","modified_gmt":"2025-12-10T11:50:29","slug":"blog","status":"publish","type":"page","link":"https:\/\/sombrerosgorostiaga.com\/eu\/blog\/","title":{"rendered":"Bloga"},"content":{"rendered":"<div data-elementor-type=\"wp-page\" data-elementor-id=\"159\" class=\"elementor elementor-159\" data-elementor-post-type=\"page\">\n\t\t\t\t<div class=\"elementor-element elementor-element-1cba46a e-flex e-con-boxed e-con e-parent\" data-id=\"1cba46a\" data-element_type=\"container\" data-e-type=\"container\">\n\t\t\t\t\t<div class=\"e-con-inner\">\n\t\t\t\t<div class=\"elementor-element elementor-element-96a23e3 elementor-widget elementor-widget-eael-post-timeline\" data-id=\"96a23e3\" data-element_type=\"widget\" data-e-type=\"widget\" data-widget_type=\"eael-post-timeline.default\">\n\t\t\t\t<div class=\"elementor-widget-container\">\n\t\t\t\t\t<div id=\"eael-post-timeline-96a23e3\" class=\"eael-post-timeline timeline-layout-default eael-post-timeline-arrow-\">\n            <div class=\"eael-post-timeline eael-post-appender eael-post-appender-96a23e3\"><article class=\"eael-timeline-post eael-timeline-column\">\n    <div class=\"eael-timeline-bullet\"><\/div>\n    <div class=\"eael-timeline-post-inner\">\n        <a class=\"eael-timeline-post-link\" href=\"https:\/\/sombrerosgorostiaga.com\/eu\/el-blog-de-sombreros-gorostiaga\/\" title=\"El blog de Sombreros Gorostiaga\"target=\"_blank\">\n            <time datetime=\"25 martxoa, 2025\">25 martxoa, 2025<\/time>\n            <div class=\"eael-timeline-post-image  attachment-medium size-medium\" style=\"background-image: url(https:\/\/sombrerosgorostiaga.com\/wp-content\/uploads\/2025\/03\/1900-GOROSTIAGA-980x636-1-300x195.jpg);\"><\/div><div class=\"eael-timeline-post-excerpt\"><p>Hola a todos: Amigos, \u00a1Ya estamos aqu\u00ed! Despu\u00e9s de m\u00e1s...<\/p><\/div><div class=\"eael-timeline-post-title\">\n                    <h2 class=\"eael-timeline-post-title-text\">El blog de Sombreros Gorostiaga<\/h2>\n                <\/div><\/a>\n    <\/div>\n<\/article><article class=\"eael-timeline-post eael-timeline-column\">\n    <div class=\"eael-timeline-bullet\"><\/div>\n    <div class=\"eael-timeline-post-inner\">\n        <a class=\"eael-timeline-post-link\" href=\"https:\/\/sombrerosgorostiaga.com\/eu\/tienda-blog\/\" title=\"Tienda Blog\"target=\"_blank\">\n            <time datetime=\"25 martxoa, 2025\">25 martxoa, 2025<\/time>\n            <div class=\"eael-timeline-post-image  attachment-medium size-medium\" style=\"background-image: url(https:\/\/sombrerosgorostiaga.com\/wp-content\/uploads\/2025\/03\/469317994_1519162055454487_2523275434808984589_n-300x300.jpg);\"><\/div><div class=\"eael-timeline-post-excerpt\"><p>Despu\u00e9s de esta primera publicaci\u00f3n de presentaci\u00f3n, dedicaremos este blog...<\/p><\/div><div class=\"eael-timeline-post-title\">\n                    <h2 class=\"eael-timeline-post-title-text\">Tienda Blog<\/h2>\n                <\/div><\/a>\n    <\/div>\n<\/article><article class=\"eael-timeline-post eael-timeline-column\">\n    <div class=\"eael-timeline-bullet\"><\/div>\n    <div class=\"eael-timeline-post-inner\">\n        <a class=\"eael-timeline-post-link\" href=\"https:\/\/sombrerosgorostiaga.com\/eu\/ayudas\/\" title=\"Ayudas\"target=\"_blank\">\n            <time datetime=\"25 martxoa, 2025\">25 martxoa, 2025<\/time>\n            <div class=\"eael-timeline-post-image  attachment-medium size-medium\" style=\"background-image: url(https:\/\/sombrerosgorostiaga.com\/wp-content\/uploads\/2025\/03\/people-stay-in-the-circle-supporting-each-other-teamwork-support-keeping-distance-300x206.jpg);\"><\/div><div class=\"eael-timeline-post-excerpt\"><p>Somos conscientes de que muchos de nuestros potenciales clientes no...<\/p><\/div><div class=\"eael-timeline-post-title\">\n                    <h2 class=\"eael-timeline-post-title-text\">Ayudas<\/h2>\n                <\/div><\/a>\n    <\/div>\n<\/article><article class=\"eael-timeline-post eael-timeline-column\">\n    <div class=\"eael-timeline-bullet\"><\/div>\n    <div class=\"eael-timeline-post-inner\">\n        <a class=\"eael-timeline-post-link\" href=\"https:\/\/sombrerosgorostiaga.com\/eu\/hoy-por-ti-manana-por-mi\/\" title=\"Hoy por ti, ma\u00f1ana por m\u00ed.\"target=\"_blank\">\n            <time datetime=\"25 martxoa, 2025\">25 martxoa, 2025<\/time>\n            <div class=\"eael-timeline-post-image  attachment-medium size-medium\" style=\"background-image: url(https:\/\/sombrerosgorostiaga.com\/wp-content\/uploads\/2025\/03\/450-1080x675-1-300x188.jpg);\"><\/div><div class=\"eael-timeline-post-excerpt\"><p>Una de las caracter\u00edsticas que se ha mantenido constante a...<\/p><\/div><div class=\"eael-timeline-post-title\">\n                    <h2 class=\"eael-timeline-post-title-text\">Hoy por ti, ma\u00f1ana por m\u00ed.<\/h2>\n                <\/div><\/a>\n    <\/div>\n<\/article><\/div>\n\t\t<\/div>\t\t\t\t<\/div>\n\t\t\t\t<\/div>\n\t\t\t\t\t<\/div>\n\t\t\t\t<\/div>\n\t\t<div class=\"elementor-element elementor-element-d35731e e-flex e-con-boxed e-con e-parent\" data-id=\"d35731e\" data-element_type=\"container\" data-e-type=\"container\">\n\t\t\t\t\t<div class=\"e-con-inner\">\n\t\t\t\t<div class=\"elementor-element elementor-element-8373e92 elementor-skin-carousel elementor-arrows-yes elementor-pagination-type-bullets elementor-pagination-position-outside elementor-widget elementor-widget-media-carousel\" data-id=\"8373e92\" data-element_type=\"widget\" data-e-type=\"widget\" data-settings=\"{&quot;skin&quot;:&quot;carousel&quot;,&quot;effect&quot;:&quot;slide&quot;,&quot;show_arrows&quot;:&quot;yes&quot;,&quot;pagination&quot;:&quot;bullets&quot;,&quot;speed&quot;:500,&quot;autoplay&quot;:&quot;yes&quot;,&quot;autoplay_speed&quot;:5000,&quot;loop&quot;:&quot;yes&quot;,&quot;pause_on_hover&quot;:&quot;yes&quot;,&quot;pause_on_interaction&quot;:&quot;yes&quot;,&quot;space_between&quot;:{&quot;unit&quot;:&quot;px&quot;,&quot;size&quot;:10,&quot;sizes&quot;:[]},&quot;space_between_tablet&quot;:{&quot;unit&quot;:&quot;px&quot;,&quot;size&quot;:10,&quot;sizes&quot;:[]},&quot;space_between_mobile&quot;:{&quot;unit&quot;:&quot;px&quot;,&quot;size&quot;:10,&quot;sizes&quot;:[]}}\" data-widget_type=\"media-carousel.default\">\n\t\t\t\t<div class=\"elementor-widget-container\">\n\t\t\t\t\t\t\t\t\t<div class=\"elementor-swiper\">\n\t\t\t\t\t<div class=\"elementor-main-swiper swiper\" role=\"region\" aria-roledescription=\"carousel\" aria-label=\"Diapositivas\">\n\t\t\t\t<div class=\"swiper-wrapper\">\n\t\t\t\t\t\t\t\t\t\t\t<div class=\"swiper-slide\" role=\"group\" aria-roledescription=\"slide\">\n\t\t\t\t\t\t\t<a href=\"https:\/\/scontent.fbio1-1.fna.fbcdn.net\/v\/t39.30808-6\/595068155_1388857486361465_5630231652051295668_n.jpg?stp=cp6_dst-jpg_tt6&#038;_nc_cat=110&#038;ccb=1-7&#038;_nc_sid=833d8c&#038;_nc_ohc=AnX2UzLqfA4Q7kNvwG_o3FD&#038;_nc_oc=AdmDXg0PJIC-hHeQFh_3p2SHTraPIJBd-BUd3FYSb9CKx81qo9TeCBRyzMiQt-2vQAY&#038;_nc_zt=23&#038;_nc_ht=scontent.fbio1-1.fna&#038;_nc_gid=6UffGmEcDhz6pREG4CtSLA&#038;oh=00_AfngCp4sN8-n_KTDXWU7nH7fxQKP8a5tgC0MMB8fisj6_A&#038;oe=693F48D4\">\t\t<div class=\"elementor-carousel-image\" role=\"img\" aria-label=\"\" style=\"background-image: url(&#039;https:\/\/scontent.fbio1-1.fna.fbcdn.net\/v\/t39.30808-6\/595068155_1388857486361465_5630231652051295668_n.jpg?stp=cp6_dst-jpg_tt6&amp;_nc_cat=110&amp;ccb=1-7&amp;_nc_sid=833d8c&amp;_nc_ohc=AnX2UzLqfA4Q7kNvwG_o3FD&amp;_nc_oc=AdmDXg0PJIC-hHeQFh_3p2SHTraPIJBd-BUd3FYSb9CKx81qo9TeCBRyzMiQt-2vQAY&amp;_nc_zt=23&amp;_nc_ht=scontent.fbio1-1.fna&amp;_nc_gid=iUKTTB6Wc7Lj6FnZsvtGMw&amp;oh=00_AfmA2WwhV842TejS5NkkXABckNTCrQpAZIrFiMQ-WvUWrQ&amp;oe=693F48D4&#039;)\">\n\n\t\t\t\n\t\t\t\t\t<\/div>\n\t\t<\/a>\t\t\t\t\t\t<\/div>\n\t\t\t\t\t\t\t\t\t\t\t<div class=\"swiper-slide\" role=\"group\" aria-roledescription=\"slide\">\n\t\t\t\t\t\t\t<a href=\"https:\/\/scontent.fbio1-1.fna.fbcdn.net\/v\/t39.30808-6\/586272843_1376122457634968_9092098394063200734_n.jpg?stp=cp6_dst-jpg_tt6&#038;_nc_cat=111&#038;ccb=1-7&#038;_nc_sid=833d8c&#038;_nc_ohc=LcwoXfEcyhYQ7kNvwHzeVJy&#038;_nc_oc=AdnuhzLaoYuWINdrxGQHh9epIAmPqKJsxBJN8vV0krYowQQsvAMRVAFZnQiA0DlQbSw&#038;_nc_zt=23&#038;_nc_ht=scontent.fbio1-1.fna&#038;_nc_gid=AWn8xu8RJkWtu9ZzezvF8w&#038;oh=00_Afk7FDBHKrqFmNtHpy5x7UgyZxNPCnn7zgUKUywcOp6FgA&#038;oe=693F19E9\">\t\t<div class=\"elementor-carousel-image\" role=\"img\" aria-label=\"\" style=\"background-image: url(&#039;https:\/\/scontent.fbio1-1.fna.fbcdn.net\/v\/t39.30808-6\/586272843_1376122457634968_9092098394063200734_n.jpg?stp=cp6_dst-jpg_tt6&amp;_nc_cat=111&amp;ccb=1-7&amp;_nc_sid=833d8c&amp;_nc_ohc=LcwoXfEcyhYQ7kNvwHzeVJy&amp;_nc_oc=AdnuhzLaoYuWINdrxGQHh9epIAmPqKJsxBJN8vV0krYowQQsvAMRVAFZnQiA0DlQbSw&amp;_nc_zt=23&amp;_nc_ht=scontent.fbio1-1.fna&amp;_nc_gid=GnYanac9VZNlkr1b0OAZNg&amp;oh=00_AflLNgaEn84Ln4fasEmS21zU8hlQFwsDYhJZhMcCm0VhUQ&amp;oe=693F19E9&#039;)\">\n\n\t\t\t\n\t\t\t\t\t<\/div>\n\t\t<\/a>\t\t\t\t\t\t<\/div>\n\t\t\t\t\t\t\t\t\t\t\t<div class=\"swiper-slide\" role=\"group\" aria-roledescription=\"slide\">\n\t\t\t\t\t\t\t<a href=\"https:\/\/scontent.fbio1-1.fna.fbcdn.net\/v\/t39.30808-6\/579074381_1363998012180746_6045124516216703984_n.jpg?stp=cp6_dst-jpg_tt6&#038;_nc_cat=103&#038;ccb=1-7&#038;_nc_sid=833d8c&#038;_nc_ohc=y1DVvOwK-1QQ7kNvwEMSAp_&#038;_nc_oc=AdnGNlQeyoiMUx_EBwMMfi8Iat-9PsI6a1X2UQcaMiSwRrGHeNJtj5UuRHwy_VAlP_8&#038;_nc_zt=23&#038;_nc_ht=scontent.fbio1-1.fna&#038;_nc_gid=Ud7FmCyyw8VrzTXYyPNO1g&#038;oh=00_Aflu97HlhbnGNZRU39J7oLsbT1H-6DFzgk-_M5tO1Kwfkg&#038;oe=693F1801\">\t\t<div class=\"elementor-carousel-image\" role=\"img\" aria-label=\"\" style=\"background-image: url(&#039;https:\/\/scontent.fbio1-1.fna.fbcdn.net\/v\/t39.30808-6\/579074381_1363998012180746_6045124516216703984_n.jpg?stp=cp6_dst-jpg_tt6&amp;_nc_cat=103&amp;ccb=1-7&amp;_nc_sid=833d8c&amp;_nc_ohc=y1DVvOwK-1QQ7kNvwEMSAp_&amp;_nc_oc=AdnGNlQeyoiMUx_EBwMMfi8Iat-9PsI6a1X2UQcaMiSwRrGHeNJtj5UuRHwy_VAlP_8&amp;_nc_zt=23&amp;_nc_ht=scontent.fbio1-1.fna&amp;_nc_gid=sFnEqfxAUUWk_2qx-Zbj6w&amp;oh=00_AfmiOK228vdmfCBQrTMVVHDf8inKqPjDC7pbtaL8RlGo4w&amp;oe=693F1801&#039;)\">\n\n\t\t\t\n\t\t\t\t\t<\/div>\n\t\t<\/a>\t\t\t\t\t\t<\/div>\n\t\t\t\t\t\t\t\t\t\t\t<div class=\"swiper-slide\" role=\"group\" aria-roledescription=\"slide\">\n\t\t\t\t\t\t\t<a href=\"https:\/\/scontent.fbio1-1.fna.fbcdn.net\/v\/t39.30808-6\/571256337_1352005600046654_2628654122057514229_n.jpg?stp=cp6_dst-jpg_tt6&#038;_nc_cat=104&#038;ccb=1-7&#038;_nc_sid=833d8c&#038;_nc_ohc=4pKCQT0xHQkQ7kNvwHav380&#038;_nc_oc=AdnyLgWg0bV6U8E8IECXaOBOaWM4VPOy_FKtlNmHWqduUeSNo4UqpFHFbeFdT2wRIoE&#038;_nc_zt=23&#038;_nc_ht=scontent.fbio1-1.fna&#038;_nc_gid=SaaXH0V9fL78Zo_CSo6kFw&#038;oh=00_Afk7LZgl0yrsPyg2g7jqppSJbqKj3o-d3FhyQYZX8JzQMQ&#038;oe=693F14D1\">\t\t<div class=\"elementor-carousel-image\" role=\"img\" aria-label=\"\" style=\"background-image: url(&#039;https:\/\/scontent.fbio1-1.fna.fbcdn.net\/v\/t39.30808-6\/571256337_1352005600046654_2628654122057514229_n.jpg?stp=cp6_dst-jpg_tt6&amp;_nc_cat=104&amp;ccb=1-7&amp;_nc_sid=833d8c&amp;_nc_ohc=4pKCQT0xHQkQ7kNvwHav380&amp;_nc_oc=AdnyLgWg0bV6U8E8IECXaOBOaWM4VPOy_FKtlNmHWqduUeSNo4UqpFHFbeFdT2wRIoE&amp;_nc_zt=23&amp;_nc_ht=scontent.fbio1-1.fna&amp;_nc_gid=TfvRahyJrBx8hjuVHoM2og&amp;oh=00_AfnMEjoLXGrQzQ7eGpFP5qan2VNMVRQa0bAgRS-jaFzhrw&amp;oe=693F14D1&#039;)\">\n\n\t\t\t\n\t\t\t\t\t<\/div>\n\t\t<\/a>\t\t\t\t\t\t<\/div>\n\t\t\t\t\t\t\t\t\t\t\t<div class=\"swiper-slide\" role=\"group\" aria-roledescription=\"slide\">\n\t\t\t\t\t\t\t<a href=\"https:\/\/scontent.fbio1-1.fna.fbcdn.net\/v\/t39.30808-6\/541828819_1310092597571288_5977234267723894255_n.jpg?stp=cp6_dst-jpg_tt6&#038;_nc_cat=111&#038;ccb=1-7&#038;_nc_sid=833d8c&#038;_nc_ohc=8CeqTNBKboIQ7kNvwEP9uz0&#038;_nc_oc=Adlf5W34FUIXAJX8o1cdN7V5HrdoG9BaoLE6x6olPoXAQcKjglf1J5nIIk36AI7rmTQ&#038;_nc_zt=23&#038;_nc_ht=scontent.fbio1-1.fna&#038;_nc_gid=BAP-SFuY925sjya7EfftNw&#038;oh=00_Afkkn7ylKaqQv7f1vXU49EU-SVsp0cbi2RbUY0ZJHzqADw&#038;oe=693F2539\">\t\t<div class=\"elementor-carousel-image\" role=\"img\" aria-label=\"\" style=\"background-image: url(&#039;https:\/\/scontent.fbio1-1.fna.fbcdn.net\/v\/t39.30808-6\/541828819_1310092597571288_5977234267723894255_n.jpg?stp=cp6_dst-jpg_tt6&amp;_nc_cat=111&amp;ccb=1-7&amp;_nc_sid=833d8c&amp;_nc_ohc=8CeqTNBKboIQ7kNvwEP9uz0&amp;_nc_oc=Adlf5W34FUIXAJX8o1cdN7V5HrdoG9BaoLE6x6olPoXAQcKjglf1J5nIIk36AI7rmTQ&amp;_nc_zt=23&amp;_nc_ht=scontent.fbio1-1.fna&amp;_nc_gid=3sMquZqLsJ4CttHZ8snheQ&amp;oh=00_Afn_9IAruDwVAEGIw_LuOYJRD8vdfwdMow0Nnk-Tkr7dnQ&amp;oe=693F2539&#039;)\">\n\n\t\t\t\n\t\t\t\t\t<\/div>\n\t\t<\/a>\t\t\t\t\t\t<\/div>\n\t\t\t\t\t\t\t\t\t\t\t<div class=\"swiper-slide\" role=\"group\" aria-roledescription=\"slide\">\n\t\t\t\t\t\t\t<a href=\"https:\/\/scontent.fbio1-1.fna.fbcdn.net\/v\/t39.30808-6\/486612497_1184148326832383_2611194833152747261_n.jpg?stp=cp6_dst-jpg_tt6&#038;_nc_cat=100&#038;ccb=1-7&#038;_nc_sid=127cfc&#038;_nc_ohc=Ve4cnuidSRYQ7kNvwEiCZjV&#038;_nc_oc=Admwx4AB78NiPyHepVm-sVKw6I2gy5lHKY6Fkm-vGNwBishStd0c-mFbFH1hQ_11pfo&#038;_nc_zt=23&#038;_nc_ht=scontent.fbio1-1.fna&#038;_nc_gid=DEpgLSlliHKXy6HcV6pwOg&#038;oh=00_AfnGq8XqE9aYPUOQ-lr9qi2FKEYUI2KLqVxGwTC1k0uYNg&#038;oe=693F41B6\">\t\t<div class=\"elementor-carousel-image\" role=\"img\" aria-label=\"\" style=\"background-image: url(&#039;https:\/\/scontent.fbio1-1.fna.fbcdn.net\/v\/t39.30808-6\/486524663_1184148350165714_1674736236778911529_n.jpg?stp=cp6_dst-jpg_tt6&amp;_nc_cat=101&amp;ccb=1-7&amp;_nc_sid=cc71e4&amp;_nc_ohc=z8E-0lsUhM8Q7kNvwGVCElH&amp;_nc_oc=AdmmmaxYQ50iukmc_d_Y0IPBxgesW3a05ylcAsdYDWST-WcvijJ28vX8POwSW_N0ujw&amp;_nc_zt=23&amp;_nc_ht=scontent.fbio1-1.fna&amp;_nc_gid=k9It1O3pM-50FNeHXzf1yg&amp;oh=00_AfmDTe7nFbvtlTewz_Q_gAcm9AT-sjsiUehk9SnHYXiNlw&amp;oe=693F1F84&#039;)\">\n\n\t\t\t\n\t\t\t\t\t<\/div>\n\t\t<\/a>\t\t\t\t\t\t<\/div>\n\t\t\t\t\t\t\t\t\t\t\t<div class=\"swiper-slide\" role=\"group\" aria-roledescription=\"slide\">\n\t\t\t\t\t\t\t<a href=\"https:\/\/scontent.fbio1-1.fna.fbcdn.net\/v\/t39.30808-6\/559420901_1340650311182183_23340362314085175_n.jpg?stp=cp6_dst-jpg_tt6&#038;_nc_cat=111&#038;ccb=1-7&#038;_nc_sid=833d8c&#038;_nc_ohc=vVD3YIMwKEcQ7kNvwHtKVtV&#038;_nc_oc=Admrc5tvB178-uPTt4A3Rz_RTlEijuUaqj4g85ZqebWmvOXNc8cPmxC7DXwwJV6qk1U&#038;_nc_zt=23&#038;_nc_ht=scontent.fbio1-1.fna&#038;_nc_gid=5C1DI7TyI0MUZQOAQHYcTg&#038;oh=00_AfnX303IXcSYm610wPLsv9XvpLfoesPo7TC184C9zOhwEQ&#038;oe=693F1E28\">\t\t<div class=\"elementor-carousel-image\" role=\"img\" aria-label=\"\" style=\"background-image: url(&#039;https:\/\/scontent.fbio1-1.fna.fbcdn.net\/v\/t39.30808-6\/559420901_1340650311182183_23340362314085175_n.jpg?stp=cp6_dst-jpg_tt6&amp;_nc_cat=111&amp;ccb=1-7&amp;_nc_sid=833d8c&amp;_nc_ohc=vVD3YIMwKEcQ7kNvwHtKVtV&amp;_nc_oc=Admrc5tvB178-uPTt4A3Rz_RTlEijuUaqj4g85ZqebWmvOXNc8cPmxC7DXwwJV6qk1U&amp;_nc_zt=23&amp;_nc_ht=scontent.fbio1-1.fna&amp;_nc_gid=5C1DI7TyI0MUZQOAQHYcTg&amp;oh=00_AfnX303IXcSYm610wPLsv9XvpLfoesPo7TC184C9zOhwEQ&amp;oe=693F1E28&#039;)\">\n\n\t\t\t\n\t\t\t\t\t<\/div>\n\t\t<\/a>\t\t\t\t\t\t<\/div>\n\t\t\t\t\t\t\t\t\t<\/div>\n\t\t\t\t\t\t\t\t\t\t\t\t\t\t\t<div class=\"elementor-swiper-button elementor-swiper-button-prev\" role=\"button\" tabindex=\"0\" aria-label=\"Anterior\">\n\t\t\t\t\t\t\t<svg aria-hidden=\"true\" class=\"e-font-icon-svg e-eicon-chevron-left\" viewbox=\"0 0 1000 1000\" xmlns=\"http:\/\/www.w3.org\/2000\/svg\"><path d=\"M646 125C629 125 613 133 604 142L308 442C296 454 292 471 292 487 292 504 296 521 308 533L604 854C617 867 629 875 646 875 663 875 679 871 692 858 704 846 713 829 713 812 713 796 708 779 692 767L438 487 692 225C700 217 708 204 708 187 708 171 704 154 692 142 675 129 663 125 646 125Z\"><\/path><\/svg>\t\t\t\t\t\t<\/div>\n\t\t\t\t\t\t<div class=\"elementor-swiper-button elementor-swiper-button-next\" role=\"button\" tabindex=\"0\" aria-label=\"Siguiente\">\n\t\t\t\t\t\t\t<svg aria-hidden=\"true\" class=\"e-font-icon-svg e-eicon-chevron-right\" viewbox=\"0 0 1000 1000\" xmlns=\"http:\/\/www.w3.org\/2000\/svg\"><path d=\"M696 533C708 521 713 504 713 487 713 471 708 454 696 446L400 146C388 133 375 125 354 125 338 125 325 129 313 142 300 154 292 171 292 187 292 204 296 221 308 233L563 492 304 771C292 783 288 800 288 817 288 833 296 850 308 863 321 871 338 875 354 875 371 875 388 867 400 854L696 533Z\"><\/path><\/svg>\t\t\t\t\t\t<\/div>\n\t\t\t\t\t\t\t\t\t\t\t\t\t\t\t\t<div class=\"swiper-pagination\"><\/div>\n\t\t\t\t\t\t\t\t\t\t\t\t<\/div>\n\t\t\t\t<\/div>\n\t\t\t\t\t\t\t\t<\/div>\n\t\t\t\t<\/div>\n\t\t\t\t\t<\/div>\n\t\t\t\t<\/div>\n\t\t\t\t<\/div>","protected":false},"excerpt":{"rendered":"<p>marzo 25, 2025 Hola a todos: Amigos, \u00a1Ya estamos aqu\u00ed! Despu\u00e9s de m\u00e1s&#8230; El blog de Sombreros Gorostiaga marzo 25, 2025 Despu\u00e9s de esta primera publicaci\u00f3n de presentaci\u00f3n, dedicaremos este blog&#8230; Tienda Blog marzo 25, 2025 Somos conscientes de que muchos de nuestros potenciales clientes no&#8230; Ayudas marzo 25, 2025 Una de las caracter\u00edsticas que [&hellip;]<\/p>\n","protected":false},"author":1,"featured_media":0,"parent":0,"menu_order":0,"comment_status":"closed","ping_status":"closed","template":"elementor_canvas","meta":{"footnotes":""},"class_list":["post-159","page","type-page","status-publish","hentry"],"yoast_head":"<!-- This site is optimized with the Yoast SEO plugin v27.5 - https:\/\/yoast.com\/product\/yoast-seo-wordpress\/ -->\n<title>Blog - Sombreros Gorostiaga<\/title>\n<meta name=\"robots\" content=\"index, follow, max-snippet:-1, max-image-preview:large, max-video-preview:-1\" \/>\n<link rel=\"canonical\" href=\"https:\/\/sombrerosgorostiaga.com\/eu\/blog\/\" \/>\n<meta property=\"og:locale\" content=\"en_US\" \/>\n<meta property=\"og:type\" content=\"article\" \/>\n<meta property=\"og:title\" content=\"Blog - Sombreros Gorostiaga\" \/>\n<meta property=\"og:description\" content=\"marzo 25, 2025 Hola a todos: Amigos, \u00a1Ya estamos aqu\u00ed! Despu\u00e9s de m\u00e1s&#8230; El blog de Sombreros Gorostiaga marzo 25, 2025 Despu\u00e9s de esta primera publicaci\u00f3n de presentaci\u00f3n, dedicaremos este blog&#8230; Tienda Blog marzo 25, 2025 Somos conscientes de que muchos de nuestros potenciales clientes no&#8230; Ayudas marzo 25, 2025 Una de las caracter\u00edsticas que [&hellip;]\" \/>\n<meta property=\"og:url\" content=\"https:\/\/sombrerosgorostiaga.com\/eu\/blog\/\" \/>\n<meta property=\"og:site_name\" content=\"Sombreros Gorostiaga\" \/>\n<meta property=\"article:modified_time\" content=\"2025-12-10T11:50:29+00:00\" \/>\n<meta name=\"twitter:card\" content=\"summary_large_image\" \/>\n<meta name=\"twitter:label1\" content=\"Est. reading time\" \/>\n\t<meta name=\"twitter:data1\" content=\"1 minutua\" \/>\n<script type=\"application\/ld+json\" class=\"yoast-schema-graph\">{\"@context\":\"https:\\\/\\\/schema.org\",\"@graph\":[{\"@type\":\"WebPage\",\"@id\":\"https:\\\/\\\/sombrerosgorostiaga.com\\\/blog\\\/\",\"url\":\"https:\\\/\\\/sombrerosgorostiaga.com\\\/blog\\\/\",\"name\":\"Blog - Sombreros Gorostiaga\",\"isPartOf\":{\"@id\":\"https:\\\/\\\/sombrerosgorostiaga.com\\\/#website\"},\"datePublished\":\"2025-03-17T10:41:37+00:00\",\"dateModified\":\"2025-12-10T11:50:29+00:00\",\"breadcrumb\":{\"@id\":\"https:\\\/\\\/sombrerosgorostiaga.com\\\/blog\\\/#breadcrumb\"},\"inLanguage\":\"eu\",\"potentialAction\":[{\"@type\":\"ReadAction\",\"target\":[\"https:\\\/\\\/sombrerosgorostiaga.com\\\/blog\\\/\"]}]},{\"@type\":\"BreadcrumbList\",\"@id\":\"https:\\\/\\\/sombrerosgorostiaga.com\\\/blog\\\/#breadcrumb\",\"itemListElement\":[{\"@type\":\"ListItem\",\"position\":1,\"name\":\"Portada\",\"item\":\"https:\\\/\\\/sombrerosgorostiaga.com\\\/\"},{\"@type\":\"ListItem\",\"position\":2,\"name\":\"Blog\"}]},{\"@type\":\"WebSite\",\"@id\":\"https:\\\/\\\/sombrerosgorostiaga.com\\\/#website\",\"url\":\"https:\\\/\\\/sombrerosgorostiaga.com\\\/\",\"name\":\"Sombreros Gorostiaga\",\"description\":\"Sombrerer\u00eda cl\u00e1sica con taller de arreglos y atenci\u00f3n especializada\",\"publisher\":{\"@id\":\"https:\\\/\\\/sombrerosgorostiaga.com\\\/#organization\"},\"potentialAction\":[{\"@type\":\"SearchAction\",\"target\":{\"@type\":\"EntryPoint\",\"urlTemplate\":\"https:\\\/\\\/sombrerosgorostiaga.com\\\/?s={search_term_string}\"},\"query-input\":{\"@type\":\"PropertyValueSpecification\",\"valueRequired\":true,\"valueName\":\"search_term_string\"}}],\"inLanguage\":\"eu\"},{\"@type\":\"Organization\",\"@id\":\"https:\\\/\\\/sombrerosgorostiaga.com\\\/#organization\",\"name\":\"Sombreros Gorostiaga\",\"url\":\"https:\\\/\\\/sombrerosgorostiaga.com\\\/\",\"logo\":{\"@type\":\"ImageObject\",\"inLanguage\":\"eu\",\"@id\":\"https:\\\/\\\/sombrerosgorostiaga.com\\\/#\\\/schema\\\/logo\\\/image\\\/\",\"url\":\"https:\\\/\\\/sombrerosgorostiaga.com\\\/wp-content\\\/uploads\\\/2025\\\/03\\\/cropped-Diseno_sin_titulo-removebg-preview.png\",\"contentUrl\":\"https:\\\/\\\/sombrerosgorostiaga.com\\\/wp-content\\\/uploads\\\/2025\\\/03\\\/cropped-Diseno_sin_titulo-removebg-preview.png\",\"width\":500,\"height\":400,\"caption\":\"Sombreros Gorostiaga\"},\"image\":{\"@id\":\"https:\\\/\\\/sombrerosgorostiaga.com\\\/#\\\/schema\\\/logo\\\/image\\\/\"}}]}<\/script>\n<!-- \/ Yoast SEO plugin. -->","yoast_head_json":{"title":"Blog - Sombreros Gorostiaga","robots":{"index":"index","follow":"follow","max-snippet":"max-snippet:-1","max-image-preview":"max-image-preview:large","max-video-preview":"max-video-preview:-1"},"canonical":"https:\/\/sombrerosgorostiaga.com\/eu\/blog\/","og_locale":"en_US","og_type":"article","og_title":"Blog - Sombreros Gorostiaga","og_description":"marzo 25, 2025 Hola a todos: Amigos, \u00a1Ya estamos aqu\u00ed! Despu\u00e9s de m\u00e1s&#8230; El blog de Sombreros Gorostiaga marzo 25, 2025 Despu\u00e9s de esta primera publicaci\u00f3n de presentaci\u00f3n, dedicaremos este blog&#8230; Tienda Blog marzo 25, 2025 Somos conscientes de que muchos de nuestros potenciales clientes no&#8230; Ayudas marzo 25, 2025 Una de las caracter\u00edsticas que [&hellip;]","og_url":"https:\/\/sombrerosgorostiaga.com\/eu\/blog\/","og_site_name":"Sombreros Gorostiaga","article_modified_time":"2025-12-10T11:50:29+00:00","twitter_card":"summary_large_image","twitter_misc":{"Est. reading time":"1 minutua"},"schema":{"@context":"https:\/\/schema.org","@graph":[{"@type":"WebPage","@id":"https:\/\/sombrerosgorostiaga.com\/blog\/","url":"https:\/\/sombrerosgorostiaga.com\/blog\/","name":"Blog - Sombreros Gorostiaga","isPartOf":{"@id":"https:\/\/sombrerosgorostiaga.com\/#website"},"datePublished":"2025-03-17T10:41:37+00:00","dateModified":"2025-12-10T11:50:29+00:00","breadcrumb":{"@id":"https:\/\/sombrerosgorostiaga.com\/blog\/#breadcrumb"},"inLanguage":"eu","potentialAction":[{"@type":"ReadAction","target":["https:\/\/sombrerosgorostiaga.com\/blog\/"]}]},{"@type":"BreadcrumbList","@id":"https:\/\/sombrerosgorostiaga.com\/blog\/#breadcrumb","itemListElement":[{"@type":"ListItem","position":1,"name":"Portada","item":"https:\/\/sombrerosgorostiaga.com\/"},{"@type":"ListItem","position":2,"name":"Blog"}]},{"@type":"WebSite","@id":"https:\/\/sombrerosgorostiaga.com\/#website","url":"https:\/\/sombrerosgorostiaga.com\/","name":"Sombreros Gorostiaga","description":"Sombrerer\u00eda cl\u00e1sica con taller de arreglos y atenci\u00f3n especializada","publisher":{"@id":"https:\/\/sombrerosgorostiaga.com\/#organization"},"potentialAction":[{"@type":"SearchAction","target":{"@type":"EntryPoint","urlTemplate":"https:\/\/sombrerosgorostiaga.com\/?s={search_term_string}"},"query-input":{"@type":"PropertyValueSpecification","valueRequired":true,"valueName":"search_term_string"}}],"inLanguage":"eu"},{"@type":"Organization","@id":"https:\/\/sombrerosgorostiaga.com\/#organization","name":"Sombreros Gorostiaga","url":"https:\/\/sombrerosgorostiaga.com\/","logo":{"@type":"ImageObject","inLanguage":"eu","@id":"https:\/\/sombrerosgorostiaga.com\/#\/schema\/logo\/image\/","url":"https:\/\/sombrerosgorostiaga.com\/wp-content\/uploads\/2025\/03\/cropped-Diseno_sin_titulo-removebg-preview.png","contentUrl":"https:\/\/sombrerosgorostiaga.com\/wp-content\/uploads\/2025\/03\/cropped-Diseno_sin_titulo-removebg-preview.png","width":500,"height":400,"caption":"Sombreros Gorostiaga"},"image":{"@id":"https:\/\/sombrerosgorostiaga.com\/#\/schema\/logo\/image\/"}}]}},"_links":{"self":[{"href":"https:\/\/sombrerosgorostiaga.com\/eu\/wp-json\/wp\/v2\/pages\/159","targetHints":{"allow":["GET"]}}],"collection":[{"href":"https:\/\/sombrerosgorostiaga.com\/eu\/wp-json\/wp\/v2\/pages"}],"about":[{"href":"https:\/\/sombrerosgorostiaga.com\/eu\/wp-json\/wp\/v2\/types\/page"}],"author":[{"embeddable":true,"href":"https:\/\/sombrerosgorostiaga.com\/eu\/wp-json\/wp\/v2\/users\/1"}],"replies":[{"embeddable":true,"href":"https:\/\/sombrerosgorostiaga.com\/eu\/wp-json\/wp\/v2\/comments?post=159"}],"version-history":[{"count":91,"href":"https:\/\/sombrerosgorostiaga.com\/eu\/wp-json\/wp\/v2\/pages\/159\/revisions"}],"predecessor-version":[{"id":3073,"href":"https:\/\/sombrerosgorostiaga.com\/eu\/wp-json\/wp\/v2\/pages\/159\/revisions\/3073"}],"wp:attachment":[{"href":"https:\/\/sombrerosgorostiaga.com\/eu\/wp-json\/wp\/v2\/media?parent=159"}],"curies":[{"name":"wp","href":"https:\/\/api.w.org\/{rel}","templated":true}]}}