{"id":115,"date":"2025-03-17T10:14:10","date_gmt":"2025-03-17T10:14:10","guid":{"rendered":"https:\/\/sombrerosgorostiaga.rkinformatika.online\/?page_id=115"},"modified":"2025-03-17T10:15:53","modified_gmt":"2025-03-17T10:15:53","slug":"condiciones-de-uso","status":"publish","type":"page","link":"https:\/\/sombrerosgorostiaga.com\/eu\/condiciones-de-uso\/","title":{"rendered":"Erabilera baldintzak"},"content":{"rendered":"<div data-elementor-type=\"wp-page\" data-elementor-id=\"115\" class=\"elementor elementor-115\" data-elementor-post-type=\"page\">\n\t\t\t\t<div class=\"elementor-element elementor-element-faa983a e-flex e-con-boxed e-con e-parent\" data-id=\"faa983a\" data-element_type=\"container\" data-e-type=\"container\">\n\t\t\t\t\t<div class=\"e-con-inner\">\n\t\t\t\t<div class=\"elementor-element elementor-element-7060226 elementor-widget elementor-widget-text-editor\" data-id=\"7060226\" data-element_type=\"widget\" data-e-type=\"widget\" data-widget_type=\"text-editor.default\">\n\t\t\t\t<div class=\"elementor-widget-container\">\n\t\t\t\t\t\t\t\t\t<h1>Condiciones de contrataci\u00f3n<\/h1><p><strong>Los precios de los productos mostrados en nuestra web son para pedidos online.<\/strong><\/p><h2>FORMAS DE PAGO<\/h2><h3>INGRESO EN CUENTA \/ TRANSFERENCIA BANCARIA.<\/h3><p>El n\u00famero de cuenta y el resto de datos de su pedido le ser\u00e1 facilitado mediante correo electr\u00f3nico al confirmar y finalizar el pedido.<\/p><p>Debe indicar en el asunto de la orden el n\u00famero de pedido, as\u00ed como su nombre y apellidos, y\u00a0debe realizar el pago en los 3 d\u00edas siguientes de la fecha en que realiz\u00f3 el pedido\u00a0para poder validarla; en caso contrario el pedido ser\u00e1 cancelado.<\/p><p>No se considerar\u00e1 efectivo el pedido hasta que no tengamos confirmaci\u00f3n bancaria de la transferencia. En cualquier caso, para facilitarnos la tramitaci\u00f3n de pedidos, y contrastar la informaci\u00f3n facilitada por nuestra entidad bancaria, le rogamos nos remita por e-mail a pedidos@sombrerosgorostiaga.com, el justificante de la transferencia.<\/p><h3>TARJETA DE CR\u00c9DITO\/D\u00c9BITO.<\/h3><p>Se le remitir\u00e1 a la pasarela de pago segura del Banco Sabadell una vez confirme el pedido.<strong><br \/><\/strong>Las transacciones realizadas en Sombrerosgorostiaga.com son 100% seguras, ya que se realizan \u00edntegramente en la pasarela bancaria del Banco Sabadell.<\/p><p>Los datos sobre su tarjeta de cr\u00e9dito no quedan registrados en ninguna base de datos ya que los inserta directamente en el TPV (Terminal Punto de Venta del propio Banco).<\/p><h2>LISTADO DE PRECIOS<\/h2><p>Los precios expuestos son para contrataciones v\u00eda online.<\/p><p>Todos los precios expuestos en la lista de nuestros productos incluyen el I.V.A. DEL 21%.<\/p><p>Sombrerosgorostiaga.com \u00a0se reserva el derecho a revisar y modificar los precios expuestos en nuestra p\u00e1gina web si las condiciones lo requieren en cualquier momento.<\/p><p>En caso de detectar un error en el precio de los productos de un pedido, Sombrerosgorostiaga.com se reserva el derecho de cancelar dicho pedido. En caso de haber realizado ya el pago, Sombrerosgorostiaga.com realizar\u00e1 el abono correspondiente al cliente.<\/p><h2>ENV\u00cdO<\/h2><p>Realizamos los env\u00edos a trav\u00e9s del servicio Paquete Express Nacional de Correos cuando el pedido se entrega en la pen\u00ednsula, Baleares, Canarias, Ceuta y Melilla.\u00a0<strong>El art\u00edculo se entrega a domicilio en un plazo de 48 horas.<\/strong><\/p><p>Para los env\u00edos realizados a otros pa\u00edses usamos el servicio de Carta Certificada Internacional de Correos.<strong>\u00a0La entrega se realiza a domicilio y los plazos var\u00edan en funci\u00f3n del pa\u00eds de destino.<\/strong><\/p><p><strong>Los gastos de env\u00edo var\u00edan en funci\u00f3n del destino<\/strong>, y ser\u00e1n incluidos en el importe de su compra. Ver\u00e1 el desglose del importe antes de confirmar el pedido.<\/p><p>Tambi\u00e9n existe la posibilidad de seleccionar \u201cRecogida en tienda\u201d como forma de env\u00edo y enviar a una empresa de mensajer\u00eda a recoger el pedido. Los datos necesarios para la contrataci\u00f3n del servicio as\u00ed como el aviso de que el pedido est\u00e1 listo se comunicar\u00e1n por correo electr\u00f3nico.<\/p><h2>DEVOLUCIONES<\/h2><p>Nuestra pol\u00edtica, cumpliendo con la normativa vigente, es concederle el derecho de devolver cualquier art\u00edculo con un problema contrastable en el plazo de 7 d\u00edas desde la fecha de recepci\u00f3n. Cualquier art\u00edculo devuelto en condiciones normales, con su empaquetado original, sin signos de uso, con la etiqueta puesta y\u00a0con un problema contrastable, ser\u00e1 aceptado. En un plazo m\u00e1ximo de 30 d\u00edas de la recepci\u00f3n de la devoluci\u00f3n, se realizar\u00e1 el env\u00edo de un art\u00edculo sin defecto.<\/p><p>En caso de devoluci\u00f3n de un producto no defectuoso, los gastos de env\u00edo correr\u00e1n por cuenta del cliente y el importe pagado quedar\u00e1 a disposici\u00f3n del cliente para una nueva compra durante un plazo de un a\u00f1o desde la recepci\u00f3n de la devoluci\u00f3n. El art\u00edculo deber\u00e1 mantener \u00a0su empaquetado original,\u00a0 la etiqueta puesta y no presentar signos de uso.<\/p>\t\t\t\t\t\t\t\t<\/div>\n\t\t\t\t<\/div>\n\t\t\t\t\t<\/div>\n\t\t\t\t<\/div>\n\t\t\t\t<\/div>\n\t\t<script>function getWR360PopupSkin(){return 'light_clean';}<\/script>","protected":false},"excerpt":{"rendered":"<p>Condiciones de contrataci\u00f3n Los precios de los productos mostrados en nuestra web son para pedidos online. FORMAS DE PAGO INGRESO EN CUENTA \/ TRANSFERENCIA BANCARIA. El n\u00famero de cuenta y el resto de datos de su pedido le ser\u00e1 facilitado mediante correo electr\u00f3nico al confirmar y finalizar el pedido. Debe indicar en el asunto de [&hellip;]<\/p>\n","protected":false},"author":1,"featured_media":0,"parent":0,"menu_order":0,"comment_status":"closed","ping_status":"closed","template":"elementor_canvas","meta":{"footnotes":""},"class_list":["post-115","page","type-page","status-publish","hentry"],"yoast_head":"<!-- This site is optimized with the Yoast SEO plugin v27.3 - https:\/\/yoast.com\/product\/yoast-seo-wordpress\/ -->\n<title>Condiciones de uso - Sombreros Gorostiaga<\/title>\n<meta name=\"robots\" content=\"index, follow, max-snippet:-1, max-image-preview:large, max-video-preview:-1\" \/>\n<link rel=\"canonical\" href=\"https:\/\/sombrerosgorostiaga.com\/eu\/condiciones-de-uso\/\" \/>\n<meta property=\"og:locale\" content=\"en_US\" \/>\n<meta property=\"og:type\" content=\"article\" \/>\n<meta property=\"og:title\" content=\"Condiciones de uso - Sombreros Gorostiaga\" \/>\n<meta property=\"og:description\" content=\"Condiciones de contrataci\u00f3n Los precios de los productos mostrados en nuestra web son para pedidos online. FORMAS DE PAGO INGRESO EN CUENTA \/ TRANSFERENCIA BANCARIA. El n\u00famero de cuenta y el resto de datos de su pedido le ser\u00e1 facilitado mediante correo electr\u00f3nico al confirmar y finalizar el pedido. Debe indicar en el asunto de [&hellip;]\" \/>\n<meta property=\"og:url\" content=\"https:\/\/sombrerosgorostiaga.com\/eu\/condiciones-de-uso\/\" \/>\n<meta property=\"og:site_name\" content=\"Sombreros Gorostiaga\" \/>\n<meta property=\"article:modified_time\" content=\"2025-03-17T10:15:53+00:00\" \/>\n<meta name=\"twitter:card\" content=\"summary_large_image\" \/>\n<meta name=\"twitter:label1\" content=\"Est. reading time\" \/>\n\t<meta name=\"twitter:data1\" content=\"3 minutua\" \/>\n<script type=\"application\/ld+json\" class=\"yoast-schema-graph\">{\"@context\":\"https:\\\/\\\/schema.org\",\"@graph\":[{\"@type\":\"WebPage\",\"@id\":\"https:\\\/\\\/sombrerosgorostiaga.com\\\/condiciones-de-uso\\\/\",\"url\":\"https:\\\/\\\/sombrerosgorostiaga.com\\\/condiciones-de-uso\\\/\",\"name\":\"Condiciones de uso - Sombreros Gorostiaga\",\"isPartOf\":{\"@id\":\"https:\\\/\\\/sombrerosgorostiaga.com\\\/#website\"},\"datePublished\":\"2025-03-17T10:14:10+00:00\",\"dateModified\":\"2025-03-17T10:15:53+00:00\",\"breadcrumb\":{\"@id\":\"https:\\\/\\\/sombrerosgorostiaga.com\\\/condiciones-de-uso\\\/#breadcrumb\"},\"inLanguage\":\"eu\",\"potentialAction\":[{\"@type\":\"ReadAction\",\"target\":[\"https:\\\/\\\/sombrerosgorostiaga.com\\\/condiciones-de-uso\\\/\"]}]},{\"@type\":\"BreadcrumbList\",\"@id\":\"https:\\\/\\\/sombrerosgorostiaga.com\\\/condiciones-de-uso\\\/#breadcrumb\",\"itemListElement\":[{\"@type\":\"ListItem\",\"position\":1,\"name\":\"Portada\",\"item\":\"https:\\\/\\\/sombrerosgorostiaga.com\\\/\"},{\"@type\":\"ListItem\",\"position\":2,\"name\":\"Condiciones de uso\"}]},{\"@type\":\"WebSite\",\"@id\":\"https:\\\/\\\/sombrerosgorostiaga.com\\\/#website\",\"url\":\"https:\\\/\\\/sombrerosgorostiaga.com\\\/\",\"name\":\"Sombreros Gorostiaga\",\"description\":\"Sombrerer\u00eda cl\u00e1sica con taller de arreglos y atenci\u00f3n especializada\",\"publisher\":{\"@id\":\"https:\\\/\\\/sombrerosgorostiaga.com\\\/#organization\"},\"potentialAction\":[{\"@type\":\"SearchAction\",\"target\":{\"@type\":\"EntryPoint\",\"urlTemplate\":\"https:\\\/\\\/sombrerosgorostiaga.com\\\/?s={search_term_string}\"},\"query-input\":{\"@type\":\"PropertyValueSpecification\",\"valueRequired\":true,\"valueName\":\"search_term_string\"}}],\"inLanguage\":\"eu\"},{\"@type\":\"Organization\",\"@id\":\"https:\\\/\\\/sombrerosgorostiaga.com\\\/#organization\",\"name\":\"Sombreros Gorostiaga\",\"url\":\"https:\\\/\\\/sombrerosgorostiaga.com\\\/\",\"logo\":{\"@type\":\"ImageObject\",\"inLanguage\":\"eu\",\"@id\":\"https:\\\/\\\/sombrerosgorostiaga.com\\\/#\\\/schema\\\/logo\\\/image\\\/\",\"url\":\"https:\\\/\\\/sombrerosgorostiaga.com\\\/wp-content\\\/uploads\\\/2025\\\/03\\\/cropped-Diseno_sin_titulo-removebg-preview.png\",\"contentUrl\":\"https:\\\/\\\/sombrerosgorostiaga.com\\\/wp-content\\\/uploads\\\/2025\\\/03\\\/cropped-Diseno_sin_titulo-removebg-preview.png\",\"width\":500,\"height\":400,\"caption\":\"Sombreros Gorostiaga\"},\"image\":{\"@id\":\"https:\\\/\\\/sombrerosgorostiaga.com\\\/#\\\/schema\\\/logo\\\/image\\\/\"}}]}<\/script>\n<!-- \/ Yoast SEO plugin. -->","yoast_head_json":{"title":"Condiciones de uso - Sombreros Gorostiaga","robots":{"index":"index","follow":"follow","max-snippet":"max-snippet:-1","max-image-preview":"max-image-preview:large","max-video-preview":"max-video-preview:-1"},"canonical":"https:\/\/sombrerosgorostiaga.com\/eu\/condiciones-de-uso\/","og_locale":"en_US","og_type":"article","og_title":"Condiciones de uso - Sombreros Gorostiaga","og_description":"Condiciones de contrataci\u00f3n Los precios de los productos mostrados en nuestra web son para pedidos online. FORMAS DE PAGO INGRESO EN CUENTA \/ TRANSFERENCIA BANCARIA. El n\u00famero de cuenta y el resto de datos de su pedido le ser\u00e1 facilitado mediante correo electr\u00f3nico al confirmar y finalizar el pedido. Debe indicar en el asunto de [&hellip;]","og_url":"https:\/\/sombrerosgorostiaga.com\/eu\/condiciones-de-uso\/","og_site_name":"Sombreros Gorostiaga","article_modified_time":"2025-03-17T10:15:53+00:00","twitter_card":"summary_large_image","twitter_misc":{"Est. reading time":"3 minutua"},"schema":{"@context":"https:\/\/schema.org","@graph":[{"@type":"WebPage","@id":"https:\/\/sombrerosgorostiaga.com\/condiciones-de-uso\/","url":"https:\/\/sombrerosgorostiaga.com\/condiciones-de-uso\/","name":"Condiciones de uso - Sombreros Gorostiaga","isPartOf":{"@id":"https:\/\/sombrerosgorostiaga.com\/#website"},"datePublished":"2025-03-17T10:14:10+00:00","dateModified":"2025-03-17T10:15:53+00:00","breadcrumb":{"@id":"https:\/\/sombrerosgorostiaga.com\/condiciones-de-uso\/#breadcrumb"},"inLanguage":"eu","potentialAction":[{"@type":"ReadAction","target":["https:\/\/sombrerosgorostiaga.com\/condiciones-de-uso\/"]}]},{"@type":"BreadcrumbList","@id":"https:\/\/sombrerosgorostiaga.com\/condiciones-de-uso\/#breadcrumb","itemListElement":[{"@type":"ListItem","position":1,"name":"Portada","item":"https:\/\/sombrerosgorostiaga.com\/"},{"@type":"ListItem","position":2,"name":"Condiciones de uso"}]},{"@type":"WebSite","@id":"https:\/\/sombrerosgorostiaga.com\/#website","url":"https:\/\/sombrerosgorostiaga.com\/","name":"Sombreros Gorostiaga","description":"Sombrerer\u00eda cl\u00e1sica con taller de arreglos y atenci\u00f3n especializada","publisher":{"@id":"https:\/\/sombrerosgorostiaga.com\/#organization"},"potentialAction":[{"@type":"SearchAction","target":{"@type":"EntryPoint","urlTemplate":"https:\/\/sombrerosgorostiaga.com\/?s={search_term_string}"},"query-input":{"@type":"PropertyValueSpecification","valueRequired":true,"valueName":"search_term_string"}}],"inLanguage":"eu"},{"@type":"Organization","@id":"https:\/\/sombrerosgorostiaga.com\/#organization","name":"Sombreros Gorostiaga","url":"https:\/\/sombrerosgorostiaga.com\/","logo":{"@type":"ImageObject","inLanguage":"eu","@id":"https:\/\/sombrerosgorostiaga.com\/#\/schema\/logo\/image\/","url":"https:\/\/sombrerosgorostiaga.com\/wp-content\/uploads\/2025\/03\/cropped-Diseno_sin_titulo-removebg-preview.png","contentUrl":"https:\/\/sombrerosgorostiaga.com\/wp-content\/uploads\/2025\/03\/cropped-Diseno_sin_titulo-removebg-preview.png","width":500,"height":400,"caption":"Sombreros Gorostiaga"},"image":{"@id":"https:\/\/sombrerosgorostiaga.com\/#\/schema\/logo\/image\/"}}]}},"_links":{"self":[{"href":"https:\/\/sombrerosgorostiaga.com\/eu\/wp-json\/wp\/v2\/pages\/115","targetHints":{"allow":["GET"]}}],"collection":[{"href":"https:\/\/sombrerosgorostiaga.com\/eu\/wp-json\/wp\/v2\/pages"}],"about":[{"href":"https:\/\/sombrerosgorostiaga.com\/eu\/wp-json\/wp\/v2\/types\/page"}],"author":[{"embeddable":true,"href":"https:\/\/sombrerosgorostiaga.com\/eu\/wp-json\/wp\/v2\/users\/1"}],"replies":[{"embeddable":true,"href":"https:\/\/sombrerosgorostiaga.com\/eu\/wp-json\/wp\/v2\/comments?post=115"}],"version-history":[{"count":7,"href":"https:\/\/sombrerosgorostiaga.com\/eu\/wp-json\/wp\/v2\/pages\/115\/revisions"}],"predecessor-version":[{"id":122,"href":"https:\/\/sombrerosgorostiaga.com\/eu\/wp-json\/wp\/v2\/pages\/115\/revisions\/122"}],"wp:attachment":[{"href":"https:\/\/sombrerosgorostiaga.com\/eu\/wp-json\/wp\/v2\/media?parent=115"}],"curies":[{"name":"wp","href":"https:\/\/api.w.org\/{rel}","templated":true}]}}